{"id":3376,"date":"2019-12-10T20:12:59","date_gmt":"2019-12-10T20:12:59","guid":{"rendered":"https:\/\/pharmakondigital.com\/home-2-2\/"},"modified":"2026-01-19T13:07:05","modified_gmt":"2026-01-19T13:07:05","slug":"home-2","status":"publish","type":"page","link":"https:\/\/pharmakondigital.com\/es\/","title":{"rendered":"Home"},"content":{"rendered":"<div class=\"wpb-content-wrapper\">[vc_row][vc_column]\n\t\t\t\t<p class=\"rs-p-wp-fix\"><\/p>\n\t\t\t\t<sr7-module data-alias=\"slider-1\" data-id=\"1\" id=\"SR7_1_1\" class=\"rs-ov-hidden\" data-version=\"6.7.38\">\n\t\t\t\t\t<sr7-adjuster><\/sr7-adjuster>\n\t\t\t\t\t<sr7-content>\n\t\t\t\t\t\t<sr7-slide id=\"SR7_1_1-1\" data-key=\"1\">\n\t\t\t\t\t\t\t<sr7-bg id=\"SR7_1_1-1-12\" class=\"sr7-layer\"><noscript><img src=\"https:\/\/pharmakondigital.com\/wp-content\/uploads\/2026\/01\/bg_banner.png\" alt=\"\" title=\"bg_banner\"><\/noscript><\/sr7-bg>\n\t\t\t\t\t\t\t<sr7-txt id=\"SR7_1_1-1-2\" class=\"sr7-layer\">DELIRIO O T\u00d3XICO<\/sr7-txt>\n\t\t\t\t\t\t\t<sr7-txt id=\"SR7_1_1-1-6\" class=\"sr7-layer\">D\u00c9LIRE OU TOXIQUE<\/sr7-txt>\n\t\t\t\t\t\t\t<sr7-txt id=\"SR7_1_1-1-7\" class=\"sr7-layer\">DEL\u00cdRIO OU T\u00d3XICO<\/sr7-txt>\n\t\t\t\t\t\t\t<a id=\"SR7_1_1-1-9\" class=\"sr7-layer\" href=\"https:\/\/pharmakondigital.com\/es\/\" target=\"_self\">LEER +<\/a>\n\t\t\t\t\t\t\t<a id=\"SR7_1_1-1-10\" class=\"sr7-layer\" href=\"https:\/\/pharmakondigital.com\/\" target=\"_self\">LEIA +<\/a>\n\t\t\t\t\t\t\t<a id=\"SR7_1_1-1-11\" class=\"sr7-layer\" href=\"https:\/\/pharmakondigital.com\/fr\/\" target=\"_self\">LIRE +<\/a>\n\t\t\t\t\t\t<\/sr7-slide>\n\t\t\t\t\t\t<sr7-slide id=\"SR7_1_1-2\" data-key=\"2\">\n\t\t\t\t\t\t<\/sr7-slide>\n\t\t\t\t\t<\/sr7-content>\n\t\t\t\t\t<image_lists style=\"display:none\">\n\t\t\t\t\t\t<img data-src=\"\/\/pharmakondigital.com\/wp-content\/uploads\/2026\/01\/ED-05-SPREAD-scaled.png\" data-libid=\"4439\" data-lib=\"medialibrary\" title=\"ED-05-SPREAD\" width=\"0\" height=\"0\" data-dbsrc=\"Ly9waGFybWFrb25kaWdpdGFsLmNvbS93cC1jb250ZW50L3VwbG9hZHMvMjAyNi8wMS9FRC0wNS1TUFJFQUQtc2NhbGVkLnBuZw==\"\/>\n\t\t\t\t\t\t<img data-src=\"\/\/pharmakondigital.com\/wp-content\/uploads\/2026\/01\/bg_banner.png\" data-libid=\"4448\" data-lib=\"medialibrary\" title=\"bg_banner\" width=\"0\" height=\"0\" data-dbsrc=\"Ly9waGFybWFrb25kaWdpdGFsLmNvbS93cC1jb250ZW50L3VwbG9hZHMvMjAyNi8wMS9iZ19iYW5uZXIucG5n\"\/>\n\t\t\t\t\t<\/image_lists>\n\t\t\t\t<\/sr7-module>\n\t\t\t\t<script>\n\t\t\t\t\tSR7.PMH ??={}; SR7.PMH[\"SR7_1_1\"] = {cn:100,state:false,fn: function() { if (_tpt!==undefined && _tpt.prepareModuleHeight !== undefined) {  _tpt.prepareModuleHeight({id:\"SR7_1_1\",el:[550,550,768,960,720],type:'standard',shdw:'0',gh:[550,550,,,],gw:[1240,1240,1024,778,480],vpt:['-100px'],size:{fullWidth:true, fullHeight:false},mh:'0',onh:0,onw:0,bg:{color:'{\"orig\":\"transparent\",\"type\":\"solid\",\"string\":\"transparent\"}'}});   SR7.PMH[\"SR7_1_1\"].state=true;} else if(SR7.PMH[\"SR7_1_1\"].cn-->0)\tsetTimeout( SR7.PMH[\"SR7_1_1\"].fn,19);}};SR7.PMH[\"SR7_1_1\" ].fn();\n\t\t\t\t<\/script>\n[\/vc_column][\/vc_row][vc_row][vc_column width=\u00bb2\/3&#8243;][vc_column_text css=\u00bb\u00bb]\n<h1>PHARMAKON DIGITAL 2025 &#8211; N\u00ba 5<\/h1>\n<h2>Publicaci\u00f3n de la Red de Toxicoman\u00eda y Alcoholismo del Campo freudiano<\/h2>\n<h3><strong>DELIRIO O T\u00d3XICO<\/strong><\/h3>\n<h3>EDITORIAL<\/h3>\n<p><strong><a href=\"https:\/\/pharmakondigital.com\/es\/editorial-2\/\">Marie-Fran\u00e7oise de Munck y \u00c9ric Taillandier, con Gloria Aksman, Nelson Feldman, \u00c8ve Miller-Rose, Fabi\u00e1n Naparstek, Nadine Page, Giovanna Quaglia y Pierre Sidon<\/a><\/strong>[\/vc_column_text]<div class=\"vcex-spacing wpex-w-100 wpex-clear\" style=\"height:30px;\"><\/div><figure class=\"vcex-image vcex-module\"><div class=\"vcex-image-inner wpex-relative wpex-inline-block\"><img width=\"1350\" height=\"300\" src=\"https:\/\/pharmakondigital.com\/wp-content\/uploads\/2026\/01\/Seccion-3.png\" class=\"vcex-image-img wpex-align-middle\" alt=\"\" loading=\"lazy\" decoding=\"async\" srcset=\"https:\/\/pharmakondigital.com\/wp-content\/uploads\/2026\/01\/Seccion-3.png 1350w, https:\/\/pharmakondigital.com\/wp-content\/uploads\/2026\/01\/Seccion-3-300x67.png 300w, https:\/\/pharmakondigital.com\/wp-content\/uploads\/2026\/01\/Seccion-3-1024x228.png 1024w, https:\/\/pharmakondigital.com\/wp-content\/uploads\/2026\/01\/Seccion-3-768x171.png 768w\" sizes=\"auto, (max-width: 1350px) 100vw, 1350px\" \/><\/div><\/figure><div class=\"vcex-spacing wpex-w-100 wpex-clear\" style=\"height:30px;\"><\/div>[vc_column_text css=\u00bb\u00bb]\n<h3><strong>DELIRIO O T\u00d3XICO<\/strong><\/h3>\n<div><strong><a href=\"https:\/\/pharmakondigital.com\/es\/conversacion-sobre-la-droga-de-la-apalabra\/\">Conversaci\u00f3n sobre la droga de la\u00a0 apalabra<\/a> &#8211; <\/strong><em>Marco Androsiglio, \u00c9ric Colas, Fr\u00e9d\u00e9rique Musset-Bilal, Mathilde Braun, Crist\u00f3bal Farriol, Coralie Hasl\u00e9, Pierre Sidon y Tom\u00e1s Verger. Y con la asistencia de Olivier Talayrach (TyA-Paris)\u00a0<\/em><\/div>\n<div><strong><a href=\"https:\/\/pharmakondigital.com\/es\/toxico-a-delirio\/\">T\u00f3xico \u25ca Delirio<\/a> &#8211; <\/strong><em>Nicol\u00e1s Bouso\u00f1o, Gustavo Mastroiacovo, Christian R\u00edos (Argentina)<\/em><\/div>\n<div><strong><a href=\"https:\/\/pharmakondigital.com\/es\/toxico-o-peor\/\">T\u00f3xico &#8230;o peor<\/a> &#8211; <\/strong><em>Julien Berthomier y C\u00e9cile Peoc\u2019h (Rennes)<\/em><\/div>\n<div><strong><a href=\"https:\/\/pharmakondigital.com\/es\/el-cuerpo-del-delirio\/\">El cuerpo del delirio<\/a> &#8211; <\/strong><em>Jos\u00e9 Manuel \u00c1lvarez (Barcelona)<\/em><\/div>\n<div><strong><a href=\"https:\/\/pharmakondigital.com\/es\/sobredosis-o-delirio-ordinario-2\/\">\u00bfSobredosis o delirio ordinario?<\/a> &#8211; <\/strong><em>Vic Everaert (Bruselas)<\/em><\/div>\n<div><strong><a href=\"https:\/\/pharmakondigital.com\/es\/delirio-y-toxico-amputar-la-voz-del-salvador-o-servirse-de-ella\/\">Delirio y t\u00f3xico: \u00bfamputar la voz del Salvador o servirse de ella?<\/a> &#8211; <\/strong><em>Pablo Sauce (Salvador)<\/em><\/div>\n<div><strong><a href=\"https:\/\/pharmakondigital.com\/es\/abstinencias-y-delirios\/\">Abstinencias y delirios<\/a> &#8211; <\/strong><em>Benjam\u00edn Silva, Sabina Serniotti, Mat\u00edas Meichtri Quintans (Argentina)<\/em><\/div>\n<div><strong><a href=\"https:\/\/pharmakondigital.com\/es\/del-beber-al-bebe\/\">Del beber al beb\u00e9<\/a> &#8211; <\/strong><em>Cristina Nogueira (Belo Horizonte)\u00a0<\/em><\/div>\n<div><strong><a href=\"https:\/\/pharmakondigital.com\/es\/perspectivas-de-una-elaboracion-colectiva-en-la-clinica-con-toxicomanias\/\">Perspectivas de una elaboraci\u00f3n colectiva en la cl\u00ednica con toxicoman\u00edas<\/a> &#8211; <\/strong><em>Fabi\u00e1n Naparstek (Buenos Aires)<\/em><\/div>\n[\/vc_column_text]<div class=\"vcex-spacing wpex-w-100 wpex-clear\" style=\"height:30px;\"><\/div><figure class=\"vcex-image vcex-module\"><div class=\"vcex-image-inner wpex-relative wpex-inline-block\"><img width=\"1350\" height=\"300\" src=\"https:\/\/pharmakondigital.com\/wp-content\/uploads\/2026\/01\/Seccion-2.png\" class=\"vcex-image-img wpex-align-middle\" alt=\"\" loading=\"lazy\" decoding=\"async\" srcset=\"https:\/\/pharmakondigital.com\/wp-content\/uploads\/2026\/01\/Seccion-2.png 1350w, https:\/\/pharmakondigital.com\/wp-content\/uploads\/2026\/01\/Seccion-2-300x67.png 300w, https:\/\/pharmakondigital.com\/wp-content\/uploads\/2026\/01\/Seccion-2-1024x228.png 1024w, https:\/\/pharmakondigital.com\/wp-content\/uploads\/2026\/01\/Seccion-2-768x171.png 768w\" sizes=\"auto, (max-width: 1350px) 100vw, 1350px\" \/><\/div><\/figure><div class=\"vcex-spacing wpex-w-100 wpex-clear\" style=\"height:30px;\"><\/div>[vc_column_text css=\u00bb\u00bb]\n<h3><strong>TEXTO DE ORIENTA\u00c7\u00c3O<\/strong><\/h3>\n<p><strong><a href=\"https:\/\/pharmakondigital.com\/es\/la-droga-de-la-palabra\/\">La droga de la palabra<\/a> &#8211;<\/strong><em>Jacques-Alain Miller <\/em>[\/vc_column_text]<div class=\"vcex-spacing wpex-w-100 wpex-clear\" style=\"height:30px;\"><\/div><figure class=\"vcex-image vcex-module\"><div class=\"vcex-image-inner wpex-relative wpex-inline-block\"><img width=\"1360\" height=\"300\" src=\"https:\/\/pharmakondigital.com\/wp-content\/uploads\/2026\/01\/Seccion-1.png\" class=\"vcex-image-img wpex-align-middle\" alt=\"\" loading=\"lazy\" decoding=\"async\" srcset=\"https:\/\/pharmakondigital.com\/wp-content\/uploads\/2026\/01\/Seccion-1.png 1360w, https:\/\/pharmakondigital.com\/wp-content\/uploads\/2026\/01\/Seccion-1-300x66.png 300w, https:\/\/pharmakondigital.com\/wp-content\/uploads\/2026\/01\/Seccion-1-1024x226.png 1024w, https:\/\/pharmakondigital.com\/wp-content\/uploads\/2026\/01\/Seccion-1-768x169.png 768w\" sizes=\"auto, (max-width: 1360px) 100vw, 1360px\" \/><\/div><\/figure><div class=\"vcex-spacing wpex-w-100 wpex-clear\" style=\"height:30px;\"><\/div>[vc_column_text css=\u00bb\u00bb]\n<h3><strong>EST\u00c9TICA DO CONSUMO<\/strong><\/h3>\n<p><strong><a href=\"https:\/\/pharmakondigital.com\/es\/un-delirio-de-deduccion\/\">Un delirio de deducci\u00f3n<\/a> &#8211;<\/strong><em> Aurelia Verbecq (TyA-Suiza)<\/em><\/p>\n[\/vc_column_text]<div class=\"vcex-spacing wpex-w-100 wpex-clear\" style=\"height:30px;\"><\/div><figure class=\"vcex-image vcex-module\"><div class=\"vcex-image-inner wpex-relative wpex-inline-block\"><img width=\"1360\" height=\"300\" src=\"https:\/\/pharmakondigital.com\/wp-content\/uploads\/2026\/01\/Seccion-4.png\" class=\"vcex-image-img wpex-align-middle\" alt=\"\" loading=\"lazy\" decoding=\"async\" srcset=\"https:\/\/pharmakondigital.com\/wp-content\/uploads\/2026\/01\/Seccion-4.png 1360w, https:\/\/pharmakondigital.com\/wp-content\/uploads\/2026\/01\/Seccion-4-300x66.png 300w, https:\/\/pharmakondigital.com\/wp-content\/uploads\/2026\/01\/Seccion-4-1024x226.png 1024w, https:\/\/pharmakondigital.com\/wp-content\/uploads\/2026\/01\/Seccion-4-768x169.png 768w\" sizes=\"auto, (max-width: 1360px) 100vw, 1360px\" \/><\/div><\/figure><div class=\"vcex-spacing wpex-w-100 wpex-clear\" style=\"height:30px;\"><\/div>[vc_column_text css=\u00bb\u00bb]\n<h3><a href=\"https:\/\/pharmakondigital.com\/es\/hacia-el-congreso-de-la-amp-2026-la-ruptura-con-el-falo\/\"><strong>HACIA EL CONGRESO DE LA AMP 2026 \u2013 LA RUPTURA CON EL FALO\u00a0<\/strong><\/a><\/h3>\n[\/vc_column_text][\/vc_column][vc_column width=\u00bb1\/3&#8243; wpex_bg_color=\u00bb#f1f1f1&#8243; css=\u00bb.vc_custom_1768418370820{padding-top: 15px !important;padding-bottom: 30px !important;}\u00bb]<figure class=\"vcex-image vcex-module\"><div class=\"vcex-image-inner wpex-relative wpex-inline-block\"><img width=\"2560\" height=\"1921\" src=\"https:\/\/pharmakondigital.com\/wp-content\/uploads\/2026\/01\/ED05_cover-scaled.jpg\" class=\"vcex-image-img wpex-align-middle\" alt=\"\" loading=\"lazy\" decoding=\"async\" srcset=\"https:\/\/pharmakondigital.com\/wp-content\/uploads\/2026\/01\/ED05_cover-scaled.jpg 2560w, https:\/\/pharmakondigital.com\/wp-content\/uploads\/2026\/01\/ED05_cover-300x225.jpg 300w, https:\/\/pharmakondigital.com\/wp-content\/uploads\/2026\/01\/ED05_cover-1024x768.jpg 1024w, https:\/\/pharmakondigital.com\/wp-content\/uploads\/2026\/01\/ED05_cover-768x576.jpg 768w, https:\/\/pharmakondigital.com\/wp-content\/uploads\/2026\/01\/ED05_cover-1536x1152.jpg 1536w, https:\/\/pharmakondigital.com\/wp-content\/uploads\/2026\/01\/ED05_cover-2048x1537.jpg 2048w\" sizes=\"auto, (max-width: 2560px) 100vw, 2560px\" \/><\/div><\/figure>[vc_empty_space height=\u00bb15&#8243;]<div class=\"theme-button-wrap textcenter wpex-clr\"><a href=\"https:\/\/pharmakondigital.com\/wp-content\/uploads\/2026\/01\/Pharmakon-05-ES.pdf\" class=\"vcex-button theme-button small align-center inline\"><span class=\"vcex-button-inner theme-button-inner wpex-flex wpex-flex-wrap wpex-items-center wpex-justify-center\"><span class=\"vcex-button-icon vcex-icon-wrap theme-button-icon-left\"><span class=\"wpex-icon\" aria-hidden=\"true\"><svg xmlns=\"http:\/\/www.w3.org\/2000\/svg\" viewBox=\"0 0 512 512\"><path d=\"M64 464l48 0 0 48-48 0c-35.3 0-64-28.7-64-64L0 64C0 28.7 28.7 0 64 0L229.5 0c17 0 33.3 6.7 45.3 18.7l90.5 90.5c12 12 18.7 28.3 18.7 45.3L384 304l-48 0 0-144-80 0c-17.7 0-32-14.3-32-32l0-80L64 48c-8.8 0-16 7.2-16 16l0 384c0 8.8 7.2 16 16 16zM176 352l32 0c30.9 0 56 25.1 56 56s-25.1 56-56 56l-16 0 0 32c0 8.8-7.2 16-16 16s-16-7.2-16-16l0-48 0-80c0-8.8 7.2-16 16-16zm32 80c13.3 0 24-10.7 24-24s-10.7-24-24-24l-16 0 0 48 16 0zm96-80l32 0c26.5 0 48 21.5 48 48l0 64c0 26.5-21.5 48-48 48l-32 0c-8.8 0-16-7.2-16-16l0-128c0-8.8 7.2-16 16-16zm32 128c8.8 0 16-7.2 16-16l0-64c0-8.8-7.2-16-16-16l-16 0 0 96 16 0zm80-112c0-8.8 7.2-16 16-16l48 0c8.8 0 16 7.2 16 16s-7.2 16-16 16l-32 0 0 32 32 0c8.8 0 16 7.2 16 16s-7.2 16-16 16l-32 0 0 48c0 8.8-7.2 16-16 16s-16-7.2-16-16l0-64 0-64z\"\/><\/svg><\/span><\/span>DOWNLOAD PDF<\/span><\/a><\/div> [vc_empty_space height=\u00bb15&#8243;]<div class=\"vcex-module vcex-divider vcex-divider-solid vcex-divider-center wpex-mx-auto wpex-block wpex-h-0 wpex-border-b wpex-border-solid wpex-border-main\" style=\"border-color:var(--wpex-accent);\"><\/div>[vc_column_text css=\u00bb\u00bb]\n<div class=\"console_sidebar\">\n<h3 class=\"h3_white\" style=\"text-align: justify;\">EDITORIAL &#8211; 2025 &#8211; N\u00ba 5<\/h3>\n<\/div>\n<h6 style=\"text-align: justify;\"><em>Marie-Fran\u00e7oise de Munck e \u00c9ric Taillandier, com Gloria Aksman, Nelson Feldman, \u00c8ve Miller-Rose, Fabi\u00e1n Naparstek, Nadine Page, Giovanna Quaglia y Pierre Sidon<\/em><\/h6>\n<p style=\"text-align: justify;\">El aforismo de Lacan Todo el mundo es loco, es decir, delirante, tomado como tema del XIV\u00ba Congreso de la Asociaci\u00f3n Mundial de Psicoan\u00e1lisis, nos ha vuelto sensibles a lo que delirar quiere decir seg\u00fan la orientaci\u00f3n lacaniana. M\u00e1s all\u00e1 de toda consideraci\u00f3n en cuanto a lo normal o a lo patol\u00f3gico, delirar es propio del ser hablante, del parl\u00eatre. Cada uno con su ventana a lo real, su ficci\u00f3n, sobre un fondo de imposible a servirse enteramente de lo que pulsa en s\u00ed y desborda en una relaci\u00f3n al partenaire. Esta disarmon\u00eda implica un resto fuera de sentido con el cual tenemos que v\u00e9rnoslas. Ante la angustia suscitada por el exceso de goce en el cuerpo y el enigma del deseo del Otro, algunos construyen un delirio en sinton\u00eda con los discursos heredados o en boga, o sue\u00f1an su vida en nombre de un ideal. Cuando no hay recurso a ning\u00fan discurso que haga lazo, otros se ven confrontados a un real invasivo, con el riesgo de cortar toda tentativa de sutura significante.<\/p>\n<p style=\"text-align: justify;\"><a href=\"https:\/\/pharmakondigital.com\/es\/editorial-2\/\">LEER+<\/a><\/p>\n<hr \/>\n<div class=\"console_sidebar\" style=\"text-align: justify;\">\n<p><strong>PHARMAKON DIGITAL <\/strong>es una publicaci\u00f3n de la Red de Toxicoman\u00eda y Alcoholismo (TyA) del Campo freudiano, en tres lenguas: portugu\u00e9s, espa\u00f1ol y franc\u00e9s.<strong>\u00a0<\/strong><\/p>\n<p><strong>\u00a9 Fundaci\u00f3n del Campo freudiano<\/strong><strong>\u00a0<\/strong><\/p>\n<p><strong>Redacci\u00f3n<br \/>\n<\/strong>Elisa Alvarenga (directora)<br \/>\nNadine Page<br \/>\nNelson Feldman<br \/>\nGloria Aksman<br \/>\nGiovanna Quaglia<br \/>\n\u00c9ric Taillandier<br \/>\nMarie-Fran\u00e7oise de Munck<br \/>\nAlejandro G\u00f3ngora<br \/>\nFernanda Turbat<strong>\u00a0<\/strong><\/p>\n<p><strong>Equipo de traducci\u00f3n<\/strong><\/p>\n<p>Tom\u00e1s Verger (coordinador), Carina Arantes Faria, Cecilia Scovenna, Cl\u00e1udia Reis, Fernanda Turbat, Jorge Castillo, Luis Fernando Duarte Couto, Maria Wilma Faria, Mauricio Diament, Pablo Sauce, Tom\u00e1s Piotto, Violaine Cl\u00e9ment, Wendy Vives Leiva<\/p>\n<p><strong>Equipo de investigaci\u00f3n bibliogr\u00e1fica<br \/>\n<\/strong>Tom\u00e1s Verger (coordinador), Al\u00e9ssia Fontenelle, Anal\u00eda La Rosa, Benjam\u00edn Silva, Camilo Cazalla, Carina Arantes Faria, Cassandra Dias, Cecilia Scovenna, Christian R\u00edos, Cl\u00e1udia Generoso, Cl\u00e1udia Reis, Daiana Ballesteros, Daniel Senderey, Daniela Dinardi, Dani\u00e9le Olive, David Briard, Epaminondas Theodoridis, \u00c9ric Taillandier, Federico Giachetti, Fernanda Turbat, France Guillou, G\u00e9raldine Somaggio, Gloria Casado, H\u00e9l\u00e8ne Coppens, Irene Dom\u00ednguez, Isabella Pr\u00e9vot, James Fischer, Jean-Marc Josson, Jorge Castillo, Jos\u00e9 Mar\u00eda \u00c1lvarez, Luis Fernando Duarte Couto, Marcela Errecondo, Maria C\u00e9lia Reinaldo Kato, Maria Wilma Faria, Marie-Fran\u00e7oise de Munck, Mat\u00edas Mietrich Quintans, Mauricio Diament, Miguel Antunes, Nadine Page, Nelson Feldman, Nicanor Mestres, Pablo Sauce, P\u00eda Marchese, S\u00e9bastien Georges, Tom\u00e1s Piotto, Valeria Vinocur, Violaine Cl\u00e9ment, Wendy Vives Leiva, Yvanne Stuer<\/p>\n<p><strong>Consultores<br \/>\n<\/strong>\u00c8ve Miller-Rose (Fundaci\u00f3n del Campo freudiano)<br \/>\nAnne Ganivet-Poumellec (Tesorera)<br \/>\nFabi\u00e1n Naparstek (Coordinador de la red TyA internacionale)<strong>\u00a0<\/strong><\/p>\n<p><strong>Dise\u00f1o, desarrollo y publicaci\u00f3n<br \/>\n<\/strong>Bruno Senna<\/p>\n<p><strong>Portada e im\u00e1genes<br \/>\n<\/strong>Alejandro G\u00f3ngora<\/p>\n<p><strong>www.pharmakondigital.com<\/strong><strong>\u00a0<\/strong><\/p>\n<p><strong>Producci\u00f3n y difusi\u00f3n<br \/>\n<\/strong>Instituto de Psican\u00e1lise e Sa\u00fade Mental de Minas Gerais<br \/>\nAvenida Afonso Pena 2770, salas 201\/207, Savassi.<br \/>\nBelo Horizonte, MG &#8211; CEP 30130-007<\/p>\n<\/div>\n[\/vc_column_text][\/vc_column][\/vc_row]\n<\/div>","protected":false},"excerpt":{"rendered":"<p>[vc_row][vc_column][\/vc_column][\/vc_row][vc_row][vc_column width=\u00bb2\/3&#8243;][vc_column_text css=\u00bb\u00bb] PHARMAKON DIGITAL 2025 &#8211; N\u00ba 5 Publicaci\u00f3n de la Red de Toxicoman\u00eda y Alcoholismo del Campo freudiano DELIRIO O T\u00d3XICO EDITORIAL Marie-Fran\u00e7oise de Munck y \u00c9ric Taillandier, con Gloria Aksman, Nelson Feldman, \u00c8ve Miller-Rose, Fabi\u00e1n Naparstek, Nadine Page, Giovanna Quaglia y Pierre Sidon[\/vc_column_text][vc_column_text css=\u00bb\u00bb] DELIRIO O T\u00d3XICO Conversaci\u00f3n sobre la droga de&hellip;<\/p>\n","protected":false},"author":1,"featured_media":0,"parent":0,"menu_order":0,"comment_status":"closed","ping_status":"closed","template":"","meta":{"footnotes":""},"class_list":["post-3376","page","type-page","status-publish","hentry","entry","no-media"],"_links":{"self":[{"href":"https:\/\/pharmakondigital.com\/es\/wp-json\/wp\/v2\/pages\/3376","targetHints":{"allow":["GET"]}}],"collection":[{"href":"https:\/\/pharmakondigital.com\/es\/wp-json\/wp\/v2\/pages"}],"about":[{"href":"https:\/\/pharmakondigital.com\/es\/wp-json\/wp\/v2\/types\/page"}],"author":[{"embeddable":true,"href":"https:\/\/pharmakondigital.com\/es\/wp-json\/wp\/v2\/users\/1"}],"replies":[{"embeddable":true,"href":"https:\/\/pharmakondigital.com\/es\/wp-json\/wp\/v2\/comments?post=3376"}],"version-history":[{"count":7,"href":"https:\/\/pharmakondigital.com\/es\/wp-json\/wp\/v2\/pages\/3376\/revisions"}],"predecessor-version":[{"id":4615,"href":"https:\/\/pharmakondigital.com\/es\/wp-json\/wp\/v2\/pages\/3376\/revisions\/4615"}],"wp:attachment":[{"href":"https:\/\/pharmakondigital.com\/es\/wp-json\/wp\/v2\/media?parent=3376"}],"curies":[{"name":"wp","href":"https:\/\/api.w.org\/{rel}","templated":true}]}}