{"id":3610,"date":"2026-01-14T18:37:53","date_gmt":"2026-01-14T18:37:53","guid":{"rendered":"https:\/\/pharmakondigital.com\/vol-01\/"},"modified":"2026-01-19T11:10:48","modified_gmt":"2026-01-19T11:10:48","slug":"vol-01","status":"publish","type":"page","link":"https:\/\/pharmakondigital.com\/es\/vol-01\/","title":{"rendered":"VOL. 01"},"content":{"rendered":"<div class=\"wpb-content-wrapper\">[vc_row][vc_column width=\u00bb2\/3&#8243;][vc_column_text css=\u00bb\u00bb]\n<h1>PHARMAKON DIGITAL 2015 &#8211; N\u00ba 1<\/h1>\n<h2>Publicaci\u00f3n de la Red de Toxicoman\u00eda y Alcoholismo del Campo Freudiano<\/h2>\n<h3>IM\u00c1GENES E INTOXICACIONES<\/h3>\n<hr \/>\n<h3>EDITORIAL<\/h3>\n<p><a href=\"https:\/\/pharmakondigital.com\/es\/editorial-001\/\"><em>Dar\u00edo Galante (Buenos Aires, Argentina), Maria Wilma Faria (Belo Horizonte, Brasil) y Elisa Alvarenga (Belo Horizonte, Brasil)<\/em><\/a><\/p>\n<hr \/>\n<h3>CONFERENCIAS<\/h3>\n<p><a href=\"https:\/\/pharmakondigital.com\/es\/la-epoca-y-el-tonel-de-las-danaides1\/\"><strong>La \u00e9poca y el Tonel de las Danaides<\/strong><\/a><em>\u00a0&#8211; Mauricio Tarrab<\/em><strong>\u00a0<\/strong><em>(Buenos Aires, Argentina)<\/em><strong><br \/>\n<a href=\"https:\/\/pharmakondigital.com\/es\/la-responsabilidad-del-toxicomano1\/\">La responsabilidad del toxic\u00f3mano<\/a> &#8211;\u00a0<\/strong><em>Francisco Paes Barreto<\/em><strong>\u00a0<\/strong><em>(Belo Horizonte, Brasil)<\/em><br \/>\n<a href=\"https:\/\/pharmakondigital.com\/es\/la-metastasis-del-goce1\/\"><strong>La met\u00e1stasis del goce <\/strong><\/a><strong>\u2013\u00a0<\/strong><em>Fabi\u00e1n Naparstek<\/em><em>(Buenos Aires, Argentina)<\/em><\/p>\n<hr \/>\n<h3>ENTREVISTAS<\/h3>\n<p><a href=\"https:\/\/pharmakondigital.com\/es\/entrevista1-a-ernesto-sinatra2\/\"><strong><em>Ernesto Sinatra<\/em><\/strong><\/a><strong><em> (Buenos Aires, Argentina)<\/em><\/strong><br \/>\n<strong><em><a href=\"https:\/\/pharmakondigital.com\/es\/entrevista-a-antonio-beneti1\/\">Antonio Beneti<\/a> (Belo Horizonte, Brasil)<\/em><\/strong><\/p>\n<hr \/>\n<h3>ADOLESCENCIA<\/h3>\n<p><strong><em><a href=\"https:\/\/pharmakondigital.com\/es\/entrevista-a-juan-pablo-mollo\/\">Entrevista a Juan Pablo Mollo<\/a> (Buenos Aires, Argentina)<\/em><\/strong><br \/>\n<a href=\"https:\/\/pharmakondigital.com\/es\/una-institucion-para-desentranar-los-modos-de-recuperacion-del-goce-del-otro\/\"><strong>Una instituci\u00f3n para desentra\u00f1ar los modos de recuperaci\u00f3n del goce del Otro <\/strong><\/a><strong>&#8211;\u00a0<\/strong><em>Musso Greco, Marcelo Bizzotto, Luis Fernando Couto, Pedro Braccini Pereira, Pedro Castillo, Ana Elisa Maciel\u00a0<\/em><em>(Belo Horizonte, Brasil)<\/em><br \/>\n<strong><a href=\"https:\/\/pharmakondigital.com\/es\/la-imagen-intoxicante-en-la-adolescencia-contemporanea\/\">Imagen intoxicante en la adolescencia contempor\u00e1nea<\/a> &#8211;<\/strong><strong>\u00a0<\/strong><em>Vinicius Carossi y Raimundo Jorge (Belo Horizonte, Brasil).<\/em><\/p>\n<hr \/>\n<h3>TEXTOS TEM\u00c1TICOS<\/h3>\n<p><strong><a href=\"https:\/\/pharmakondigital.com\/es\/lo-virtual-y-lo-real-seguiran-siendo-diferentes\/\">Lo virtual y lo real, \u00bfseguir\u00e1n siendo diferentes?<\/a> &#8211;\u00a0<\/strong><em>Gustavo Dessal<\/em><strong>\u00a0\u00a0<\/strong><em>(Madrid, Espa\u00f1a)<br \/>\n<\/em><strong><a href=\"https:\/\/pharmakondigital.com\/es\/un-bienestar-indescriptible\/\">Un bienestar indescriptible<\/a> &#8211;\u00a0<\/strong><em>Jean-Marc\u00a0Josson (Bruselas, B\u00e9lgica)<\/em><br \/>\n<strong><a href=\"https:\/\/pharmakondigital.com\/es\/lo-ilimitado-the-unlimited\/\">Lo ilimitado<\/a> &#8211;\u00a0<\/strong><em>Benjam\u00edn Silva\u00a0<\/em><strong>\u00a0<\/strong><em>(Santiago, Chile)<\/em><br \/>\n<strong><a href=\"https:\/\/pharmakondigital.com\/es\/toxicomanias-el-imperio-del-silencio\/\">Toxicoman\u00edas: \u201cel imperio del silencio\u201d<\/a> &#8211;\u00a0<\/strong><em>Lenita Bentes (Rio de Janeiro, Brasil)\u00a0<\/em><strong>\u00a0<\/strong><br \/>\n<strong><a href=\"https:\/\/pharmakondigital.com\/es\/la-felicidad-del-surfista\/\">La felicidad del surfista<\/a> &#8211;\u00a0<\/strong><em>Jorge Castillo<\/em><strong>\u00a0\u00a0<\/strong><em>(C\u00f3rdoba, Argentina)<\/em><br \/>\n<strong><a href=\"https:\/\/pharmakondigital.com\/es\/un-agujero-en-el-discurso-universal-el-socielo-y-la-insubordinacion-sexual-en-la-toxicomania\/\">Un agujero en el discurso universal, el \u2018socielo\u2019 y la insubordinaci\u00f3n sexual en la toxicoman\u00eda<\/a> &#8211;\u00a0<\/strong><em>Renato Vieira<\/em><strong>\u00a0\u00a0<\/strong><em>(Vit\u00f3ria, Brasil)<\/em><br \/>\n<strong><a href=\"https:\/\/pharmakondigital.com\/es\/lo-toxico-de-la-imagen\/\">Lo t\u00f3xico de la imagen<\/a> &#8211;\u00a0<\/strong><em>Silvina Rago (Buenos Aires, Argentina)<br \/>\n<\/em><a href=\"https:\/\/pharmakondigital.com\/es\/cicatriz-el-pseudonimo-de-un-avatar-el-nombre-de-un-real\/\"><em><strong>Cicatriz<\/strong><\/em><strong>, el pseud\u00f3nimo de un avatar, el nombre de un real<\/strong><\/a>\u00a0&#8211;\u00a0<em>Eric Taillandier (Rennes, Francia)<\/em><br \/>\n<strong><a href=\"https:\/\/pharmakondigital.com\/es\/serafin-en-su-espejo\/\">Seraf\u00edn en su espejo<\/a> &#8211;\u00a0<\/strong><em>Marcos Fina<\/em><strong>\u00a0\u00a0<\/strong><em>(Buenos Aires, Argentina)<\/em><br \/>\n<strong><a href=\"https:\/\/pharmakondigital.com\/es\/el-retorno-del-tatuaje1\/\">El retorno del tatuaje<\/a> &#8211;\u00a0<\/strong><em>Jazm\u00edn Torregiani<\/em><strong>\u00a0\u00a0<\/strong><em>(Buenos Aires, Argentina)<\/em><br \/>\n<strong><a href=\"https:\/\/pharmakondigital.com\/es\/la-drogadiccion-y-el-poder-de-la-imagen\/\">La drogadicci\u00f3n y el poder de la imagen<\/a> &#8211;\u00a0<\/strong><em>Durval Mazzei\u00a0<\/em><strong>\u00a0<\/strong><em>(S\u00e3o Paulo, Brasil)<\/em><br \/>\n<strong><a href=\"https:\/\/pharmakondigital.com\/es\/dostoievski-e-sua-teoria-do-gentleman1\/\">Dostoievski y su teor\u00eda del\u00a0<em>gentleman<\/em><\/a>\u00a0&#8211;\u00a0<\/strong><em>Luis Iriarte<\/em><strong>\u00a0 (<\/strong><em>Par\u00eds, Francia)<\/em><br \/>\n<strong><a href=\"https:\/\/pharmakondigital.com\/es\/sexo-drogas-y-rock-n-roll-en-el-siglo-xxi\/\">Sexo, drogas y Rock &#8216;n&#8217; Roll en el siglo XXI<\/a> &#8211;\u00a0<\/strong><em>Felipe Barreto<\/em><strong>\u00a0\u00a0<\/strong><em>(Juiz de Fora, Brasil)<\/em><br \/>\n<strong><a href=\"https:\/\/pharmakondigital.com\/es\/on-line-y-fast-time-que-es-ser-toxicomano-hoy1\/\"><em>On line<\/em>\u00a0y\u00a0<em>fast time<\/em>: qu\u00e9 es ser toxic\u00f3mano hoy? <\/a>&#8211;\u00a0<\/strong><em>Giovana Qu\u00e1glia<\/em><strong>\u00a0\u00a0<\/strong><em>(Brasilia, Brasil)<br \/>\n<\/em><a href=\"https:\/\/pharmakondigital.com\/es\/algunas-reflexiones-sobre-los-metodos-en-boga-para-curar-las-adicciones\/\"><strong>Algunas reflexiones sobre los m\u00e9todos en boga para curar las adicciones<\/strong><\/a>\u00a0&#8211;\u00a0<em>Pierre Sidon (Par\u00eds, Francia)<\/em><br \/>\n<strong><a href=\"https:\/\/pharmakondigital.com\/es\/instituciones-intoxicantes\/\">Instituciones intoxicantes<\/a> &#8211;\u00a0<\/strong><em>Mart\u00edn Sebasti\u00e1n Fuster<\/em><strong>\u00a0\u00a0<\/strong><em>(Buenos Aires, Argentina)<\/em><\/p>\n<hr \/>\n<h3>EST\u00c9TICAS DE CONSUMO: El arte entre la Verdad y lo Real<\/h3>\n<p><strong><a href=\"https:\/\/pharmakondigital.com\/es\/esteticas-de-consumo-el-arte-entre-la-verdad-y-lo-real\/\">Presentaci\u00f3n <\/a>\u2013\u00a0<\/strong><em>Miriam Pais (Buenos Aires, Argentina)<\/em><br \/>\n<strong><a href=\"https:\/\/pharmakondigital.com\/es\/dylan-thomas-enamorado-de-las-palabras-y-el-alcohol\/\">Dylan Thomas: enamorado de las palavras y el alcohol<\/a> \u2013\u00a0<\/strong><em>Luis Dar\u00edo Salamone (Buenos Aires, Argentina)<\/em><br \/>\n<strong><a href=\"https:\/\/pharmakondigital.com\/es\/dallas-buyers-club-el-club-de-compras-de-dallas-en-el-imperio-de-las-imagenes\/\">Dallas Buyers Club<\/a> &#8211;\u00a0<\/strong><em>Maria Wilma Faria (Belo Horizonte, Brasil) y Cassandra Dias<\/em><strong>\u00a0<\/strong><em>(Jo\u00e3o Pessoa, Brasil)<\/em><br \/>\n<a href=\"https:\/\/pharmakondigital.com\/es\/lucy1-in-the-sky-but-without-diamonds\/\"><strong>Lucy: in the Sky, but without Diamonds<\/strong><\/a><strong> &#8211;<\/strong><strong>\u00a0<\/strong><em>Elvira Dianno<\/em><em>(Santa Fe, Argentina)<\/em><br \/>\n<strong><a href=\"https:\/\/pharmakondigital.com\/es\/shame-adiccion-al-sexo-imagenes-y-femineidad\/\">Shame: Adicci\u00f3n al sexo, im\u00e1genes y feminidad<\/a> &#8211;\u00a0<\/strong><em>Nicol\u00e1s Bouso\u00f1o (Buenos Aires, Argentina)<\/em><\/p>\n<hr \/>\n<h3>CL\u00c1SICOS<\/h3>\n<p><a href=\"https:\/\/pharmakondigital.com\/es\/la-relacion-entre-la-formacion-de-perversion-y-el-desarrollo-del-sentido-de-realidad1\/\"><strong>La relaci\u00f3n entre la formaci\u00f3n de perversi\u00f3n y el desarrollo del sentido de realidad<\/strong><\/a><strong>\u00a0&#8211;\u00a0<\/strong><em>Edward Glover<\/em><em>(Londres, Inglaterra)<\/em><br \/>\n<strong><br \/>\nComentarios:<\/strong><br \/>\n<a href=\"https:\/\/pharmakondigital.com\/es\/lacan-glover-la-toxicomania-y-la-drug-addiction\/\"><strong>Lacan. Glover, la toxicoman\u00eda y la\u00a0<em>drug addiction<\/em><\/strong><\/a><strong>&#8211;\u00a0<\/strong><em>Claudio Spivak<\/em><em>(Buenos Aires, Argentina)<\/em><br \/>\n<a href=\"https:\/\/pharmakondigital.com\/es\/una-compulsion-esclavizante\/\"><strong>Una compulsi\u00f3n esclavizante <\/strong><\/a><strong>&#8211;\u00a0<\/strong><em>Marcela Almanza<\/em><strong>\u00a0 (<\/strong><em>Ciudad de M\u00e9xico, M\u00e9xico)<\/em><br \/>\n<strong><a href=\"https:\/\/pharmakondigital.com\/es\/la-llave-del-armario-de-los-toxicos\/\">La llave del armario de los t\u00f3xicos<\/a> &#8211;\u00a0<\/strong><em>Nadine Page<\/em><strong>\u00a0\u00a0<\/strong><em>(Bruselas, B\u00e9lgica)<\/em><br \/>\n<strong><a href=\"https:\/\/pharmakondigital.com\/es\/toxicomania-un-estado-transicional-en-la-teoria-y-la-practica-del-psicoanalisis\/\">Toxicoman\u00eda, un estado transicional en la teor\u00eda y en la pr\u00e1ctica del psicoan\u00e1lisis<\/a> &#8211;<\/strong><em>Leonardo Scofield<\/em><strong>\u00a0\u00a0<\/strong><em>(Florian\u00f3polis, Brasil)<\/em>[\/vc_column_text][\/vc_column][vc_column width=\u00bb1\/3&#8243; wpex_bg_color=\u00bb#f1f1f1&#8243; css=\u00bb.vc_custom_1768471872587{padding-top: 15px !important;padding-bottom: 30px !important;}\u00bb]<figure class=\"vcex-image vcex-module\"><div class=\"vcex-image-inner wpex-relative wpex-inline-block\"><img width=\"2560\" height=\"1921\" src=\"https:\/\/pharmakondigital.com\/wp-content\/uploads\/2026\/01\/ED01_cover-scaled.jpg\" class=\"vcex-image-img wpex-align-middle\" alt=\"\" loading=\"lazy\" decoding=\"async\" srcset=\"https:\/\/pharmakondigital.com\/wp-content\/uploads\/2026\/01\/ED01_cover-scaled.jpg 2560w, https:\/\/pharmakondigital.com\/wp-content\/uploads\/2026\/01\/ED01_cover-300x225.jpg 300w, https:\/\/pharmakondigital.com\/wp-content\/uploads\/2026\/01\/ED01_cover-1024x768.jpg 1024w, https:\/\/pharmakondigital.com\/wp-content\/uploads\/2026\/01\/ED01_cover-768x576.jpg 768w, https:\/\/pharmakondigital.com\/wp-content\/uploads\/2026\/01\/ED01_cover-1536x1152.jpg 1536w, https:\/\/pharmakondigital.com\/wp-content\/uploads\/2026\/01\/ED01_cover-2048x1537.jpg 2048w\" sizes=\"auto, (max-width: 2560px) 100vw, 2560px\" \/><\/div><\/figure>[vc_empty_space height=\u00bb15&#8243;]<div class=\"theme-button-wrap textcenter wpex-clr\"><a href=\"https:\/\/pharmakondigital.com\/wp-content\/uploads\/2026\/01\/pharmakon_Ed01_ES.pdf\" class=\"vcex-button theme-button small align-center inline\"><span class=\"vcex-button-inner theme-button-inner wpex-flex wpex-flex-wrap wpex-items-center wpex-justify-center\"><span class=\"vcex-button-icon vcex-icon-wrap theme-button-icon-left\"><span class=\"wpex-icon\" aria-hidden=\"true\"><svg xmlns=\"http:\/\/www.w3.org\/2000\/svg\" viewBox=\"0 0 512 512\"><path d=\"M64 464l48 0 0 48-48 0c-35.3 0-64-28.7-64-64L0 64C0 28.7 28.7 0 64 0L229.5 0c17 0 33.3 6.7 45.3 18.7l90.5 90.5c12 12 18.7 28.3 18.7 45.3L384 304l-48 0 0-144-80 0c-17.7 0-32-14.3-32-32l0-80L64 48c-8.8 0-16 7.2-16 16l0 384c0 8.8 7.2 16 16 16zM176 352l32 0c30.9 0 56 25.1 56 56s-25.1 56-56 56l-16 0 0 32c0 8.8-7.2 16-16 16s-16-7.2-16-16l0-48 0-80c0-8.8 7.2-16 16-16zm32 80c13.3 0 24-10.7 24-24s-10.7-24-24-24l-16 0 0 48 16 0zm96-80l32 0c26.5 0 48 21.5 48 48l0 64c0 26.5-21.5 48-48 48l-32 0c-8.8 0-16-7.2-16-16l0-128c0-8.8 7.2-16 16-16zm32 128c8.8 0 16-7.2 16-16l0-64c0-8.8-7.2-16-16-16l-16 0 0 96 16 0zm80-112c0-8.8 7.2-16 16-16l48 0c8.8 0 16 7.2 16 16s-7.2 16-16 16l-32 0 0 32 32 0c8.8 0 16 7.2 16 16s-7.2 16-16 16l-32 0 0 48c0 8.8-7.2 16-16 16s-16-7.2-16-16l0-64 0-64z\"\/><\/svg><\/span><\/span>DOWNLOAD PDF<\/span><\/a><\/div> [vc_empty_space height=\u00bb15&#8243;]<div class=\"vcex-module vcex-divider vcex-divider-solid vcex-divider-center wpex-mx-auto wpex-block wpex-h-0 wpex-border-b wpex-border-solid wpex-border-main\" style=\"border-color:var(--wpex-accent);\"><\/div>[vc_column_text css=\u00bb\u00bb]\n<div class=\"console_sidebar\">\n<h3 class=\"h3_white\" style=\"text-align: justify;\">EDITORIAL &#8211; N\u00ba 1<\/h3>\n<\/div>\n<h6><em>Dar\u00edo Galante (Buenos Aires, Argentina), Maria Wilma Faria (Belo Horizonte, Brasil) y Elisa Alvarenga (Belo Horizonte, Brasil)<\/em><\/h6>\n<p><strong>PHARMAKON DIGITAL<\/strong>, Revista de la Red TYA del Campo freudiano sigue, ahora de manera electr\u00f3nica, la serie de 13 n\u00fameros de su publicaci\u00f3n en papel. Iniciada en 1994 desde su primer n\u00famero publicado en Buenos Aires por Mauricio Tarrab y Ernesto Sinatra, luego se public\u00f3 en Brasil, bajo la direcci\u00f3n de J\u00e9sus Santiago y luego nuevamente en Buenos Aires, editado por Luis Salamone.<\/p>\n<p><a href=\"https:\/\/pharmakondigital.com\/es\/editorial-001\/\">LEER M\u00c1S<\/a><\/p>\n<hr \/>\n<div class=\"console_sidebar\" style=\"text-align: justify;\">\n<div class=\"console_sidebar\">\n<h3 class=\"h3_white\">PRESENTACI\u00d3N<\/h3>\n<\/div>\n<p><strong>La Revista PHARMAKON DIGITAL\u00a0es una publicaci\u00f3n biling\u00fbe, en portugu\u00e9s y espa\u00f1ol, de la Red de Toxicoman\u00eda y Alcoholismo (TyA) del Campo Freudiano. Publicamos art\u00edculos originales de Psicoan\u00e1lisis aplicado al tema de las toxicoman\u00edas y alcoholismo, relacionados a la obra de Freud, a la ense\u00f1anza de Lacan y sus desdoblamientos.<\/strong><\/p>\n<p>2015 &#8211; Volumen 1<\/p>\n<p><strong>Comit\u00e9 Editorial:<\/strong><br \/>\n<em><strong>Directora<\/strong>: Elisa Alvarenga<br \/>\n<strong>Editora en portugu\u00e9s<\/strong>: Maria Wilma de Faria<br \/>\n<strong>Comit\u00e9 editorial<\/strong>: Oscar Reymundo, Cassandra Dias, Maria C\u00e9lia Kato, M\u00e1rcia Mez\u00eancio<br \/>\n<strong>Editor en espa\u00f1ol:<\/strong>\u00a0Dar\u00edo Galante<br \/>\n<strong>Comit\u00e9 editorial<\/strong>: Raquel Vargas, Pablo Olivero, Maximiliano Zenarola, Liliana Aguilar, Marcos Fina y Miriam Pais.<\/em><\/p>\n<p><strong>Consultores:<\/strong><br \/>\n<em>Judith Miller<br \/>\n<\/em><em>Ernesto Sinatra<br \/>\nFabi\u00e1n Naparstek<br \/>\nAntonio Beneti<br \/>\nJ\u00e9sus Santiago<\/em><\/p>\n<p><strong>Creaci\u00f3n y publicaci\u00f3n\u00a0<\/strong><strong>:<br \/>\n<\/strong><em>Bruno Senna<\/em><\/p>\n<p><strong>Publicaci\u00f3n y revisi\u00f3n estructural:<br \/>\n<\/strong><em>Marcelo Magnelli<\/em><\/p>\n<\/div>\n<p style=\"text-align: justify;\">Rede de Toxicomania e Alcoolismo (TyA) do Campo Freudiano<br \/>\nInstituto de Psican\u00e1lise e Sa\u00fade Mental de Minas Gerais<br \/>\nRua Felipe dos Santos, 588, Lourdes.<br \/>\nBelo Horizonte, MG. 30180-160<\/p>\n[\/vc_column_text][\/vc_column][\/vc_row]\n<\/div>","protected":false},"excerpt":{"rendered":"<p>[vc_row][vc_column width=\u00bb2\/3&#8243;][vc_column_text css=\u00bb\u00bb] PHARMAKON DIGITAL 2015 &#8211; N\u00ba 1 Publicaci\u00f3n de la Red de Toxicoman\u00eda y Alcoholismo del Campo Freudiano IM\u00c1GENES E INTOXICACIONES EDITORIAL Dar\u00edo Galante (Buenos Aires, Argentina), Maria Wilma Faria (Belo Horizonte, Brasil) y Elisa Alvarenga (Belo Horizonte, Brasil) CONFERENCIAS La \u00e9poca y el Tonel de las Danaides\u00a0&#8211; Mauricio Tarrab\u00a0(Buenos Aires, Argentina) La&hellip;<\/p>\n","protected":false},"author":1,"featured_media":0,"parent":0,"menu_order":0,"comment_status":"closed","ping_status":"closed","template":"","meta":{"footnotes":""},"class_list":["post-3610","page","type-page","status-publish","hentry","entry","no-media"],"_links":{"self":[{"href":"https:\/\/pharmakondigital.com\/es\/wp-json\/wp\/v2\/pages\/3610","targetHints":{"allow":["GET"]}}],"collection":[{"href":"https:\/\/pharmakondigital.com\/es\/wp-json\/wp\/v2\/pages"}],"about":[{"href":"https:\/\/pharmakondigital.com\/es\/wp-json\/wp\/v2\/types\/page"}],"author":[{"embeddable":true,"href":"https:\/\/pharmakondigital.com\/es\/wp-json\/wp\/v2\/users\/1"}],"replies":[{"embeddable":true,"href":"https:\/\/pharmakondigital.com\/es\/wp-json\/wp\/v2\/comments?post=3610"}],"version-history":[{"count":9,"href":"https:\/\/pharmakondigital.com\/es\/wp-json\/wp\/v2\/pages\/3610\/revisions"}],"predecessor-version":[{"id":4512,"href":"https:\/\/pharmakondigital.com\/es\/wp-json\/wp\/v2\/pages\/3610\/revisions\/4512"}],"wp:attachment":[{"href":"https:\/\/pharmakondigital.com\/es\/wp-json\/wp\/v2\/media?parent=3610"}],"curies":[{"name":"wp","href":"https:\/\/api.w.org\/{rel}","templated":true}]}}