{"id":3620,"date":"2026-01-14T19:01:44","date_gmt":"2026-01-14T19:01:44","guid":{"rendered":"https:\/\/pharmakondigital.com\/vol-02\/"},"modified":"2026-01-19T11:31:40","modified_gmt":"2026-01-19T11:31:40","slug":"vol-02","status":"publish","type":"page","link":"https:\/\/pharmakondigital.com\/es\/vol-02\/","title":{"rendered":"VOL. 02"},"content":{"rendered":"<div class=\"wpb-content-wrapper\">[vc_row][vc_column width=\u00bb2\/3&#8243;][vc_column_text css=\u00bb\u00bb]\n<h1><img loading=\"lazy\" decoding=\"async\" class=\"aligncenter wp-image-3648 size-full\" src=\"https:\/\/pharmakondigital.com\/wp-content\/uploads\/2026\/01\/imagem_capa002.jpg\" alt=\"\" width=\"1360\" height=\"660\" srcset=\"https:\/\/pharmakondigital.com\/wp-content\/uploads\/2026\/01\/imagem_capa002.jpg 1360w, https:\/\/pharmakondigital.com\/wp-content\/uploads\/2026\/01\/imagem_capa002-300x146.jpg 300w, https:\/\/pharmakondigital.com\/wp-content\/uploads\/2026\/01\/imagem_capa002-1024x497.jpg 1024w, https:\/\/pharmakondigital.com\/wp-content\/uploads\/2026\/01\/imagem_capa002-768x373.jpg 768w\" sizes=\"auto, (max-width: 1360px) 100vw, 1360px\" \/><\/h1>\n<h1>PHARMAKON DIGITAL 2015 &#8211; N\u00ba 2<\/h1>\n<h2>Publicaci\u00f3n de la Red de Toxicoman\u00eda y Alcoholismo del Campo Freudiano<\/h2>\n<h3><strong>LA ESPECIFICIDAD DE LA TOXOCOMAN\u00cdA<\/strong><\/h3>\n<hr \/>\n<h3><strong>EDITORIAL<\/strong><\/h3>\n<p><a href=\"https:\/\/pharmakondigital.com\/es\/editorial-2016-vol-2\/\"><strong><em>Elisa Alvarenga (Belo Horizonte, Brasil)<\/em><\/strong><\/a><br \/>\n<em>Analista Miembro de la Escuela (AME) de la Escola Brasileira de Psican\u00e1lise (EBP) y de la Asociaci\u00f3n Mundial de Psicoan\u00e1lisis (AMP)<\/em><\/p>\n<hr \/>\n<h3><strong><img loading=\"lazy\" decoding=\"async\" class=\"aligncenter wp-image-3621 size-full\" src=\"https:\/\/pharmakondigital.com\/wp-content\/uploads\/2026\/01\/foto_adolescencia.jpg\" alt=\"\" width=\"1360\" height=\"400\" srcset=\"https:\/\/pharmakondigital.com\/wp-content\/uploads\/2026\/01\/foto_adolescencia.jpg 1360w, https:\/\/pharmakondigital.com\/wp-content\/uploads\/2026\/01\/foto_adolescencia-300x88.jpg 300w, https:\/\/pharmakondigital.com\/wp-content\/uploads\/2026\/01\/foto_adolescencia-1024x301.jpg 1024w, https:\/\/pharmakondigital.com\/wp-content\/uploads\/2026\/01\/foto_adolescencia-768x226.jpg 768w\" sizes=\"auto, (max-width: 1360px) 100vw, 1360px\" \/><\/strong><\/h3>\n<h3><strong>ADOLESCENCIA<\/strong><\/h3>\n<p>Claudia Maria Generoso: <a href=\"https:\/\/pharmakondigital.com\/es\/toxicomania-y-adiccion-en-un-caso-de-un-adolescente\/\"><strong>Toxicoman\u00eda y adicci\u00f3n en un caso de adolescente<\/strong><\/a><br \/>\nGabriela Dargenton: <a href=\"https:\/\/pharmakondigital.com\/es\/un-partenaire-posible-para-la-infancia-intoxicada\/\"><strong>Un\u00a0<em>partenaire<\/em>\u00a0posible para aa infancia intoxicada<\/strong><\/a><\/p>\n<hr \/>\n<h3><img loading=\"lazy\" decoding=\"async\" class=\"aligncenter size-full wp-image-3630\" src=\"https:\/\/pharmakondigital.com\/wp-content\/uploads\/2026\/01\/foto_conferencias.jpg\" alt=\"\" width=\"1360\" height=\"400\" srcset=\"https:\/\/pharmakondigital.com\/wp-content\/uploads\/2026\/01\/foto_conferencias.jpg 1360w, https:\/\/pharmakondigital.com\/wp-content\/uploads\/2026\/01\/foto_conferencias-300x88.jpg 300w, https:\/\/pharmakondigital.com\/wp-content\/uploads\/2026\/01\/foto_conferencias-1024x301.jpg 1024w, https:\/\/pharmakondigital.com\/wp-content\/uploads\/2026\/01\/foto_conferencias-768x226.jpg 768w\" sizes=\"auto, (max-width: 1360px) 100vw, 1360px\" \/><\/h3>\n<h3><strong>CONFERENCIA<\/strong><\/h3>\n<p>Jacques Lacan: <a href=\"https:\/\/pharmakondigital.com\/es\/cierre-de-las-jornadas-de-estudios-de-carteles-de-la-escuela-freudiana\/\"><strong>Cierre de las Jornadas de Estudios de Carteles de la Escuela Freudiana<\/strong><\/a><\/p>\n<hr \/>\n<h3><\/h3>\n<p><img loading=\"lazy\" decoding=\"async\" class=\"aligncenter wp-image-3627 size-full\" src=\"https:\/\/pharmakondigital.com\/wp-content\/uploads\/2026\/01\/foto_classicos.jpg\" alt=\"\" width=\"1360\" height=\"400\" srcset=\"https:\/\/pharmakondigital.com\/wp-content\/uploads\/2026\/01\/foto_classicos.jpg 1360w, https:\/\/pharmakondigital.com\/wp-content\/uploads\/2026\/01\/foto_classicos-300x88.jpg 300w, https:\/\/pharmakondigital.com\/wp-content\/uploads\/2026\/01\/foto_classicos-1024x301.jpg 1024w, https:\/\/pharmakondigital.com\/wp-content\/uploads\/2026\/01\/foto_classicos-768x226.jpg 768w\" sizes=\"auto, (max-width: 1360px) 100vw, 1360px\" \/><\/p>\n<h3><strong>CL\u00c1SICOS<\/strong><\/h3>\n<p>Jacques-Alain Miller: <a href=\"https:\/\/pharmakondigital.com\/es\/para-uma-investigacao-sobre-o-gozo-autoerotico\/\"><strong>Para una investigaci\u00f3n sobre el goce autoer\u00f3tico<\/strong><\/a><\/p>\n<hr \/>\n<h3><img loading=\"lazy\" decoding=\"async\" class=\"aligncenter wp-image-3633 size-full\" src=\"https:\/\/pharmakondigital.com\/wp-content\/uploads\/2026\/01\/foto_entrevistas.jpeg\" alt=\"\" width=\"1360\" height=\"400\" srcset=\"https:\/\/pharmakondigital.com\/wp-content\/uploads\/2026\/01\/foto_entrevistas.jpeg 1360w, https:\/\/pharmakondigital.com\/wp-content\/uploads\/2026\/01\/foto_entrevistas-300x88.jpeg 300w, https:\/\/pharmakondigital.com\/wp-content\/uploads\/2026\/01\/foto_entrevistas-1024x301.jpeg 1024w, https:\/\/pharmakondigital.com\/wp-content\/uploads\/2026\/01\/foto_entrevistas-768x226.jpeg 768w\" sizes=\"auto, (max-width: 1360px) 100vw, 1360px\" \/><\/h3>\n<h3><strong>ENTREVISTAS<\/strong><\/h3>\n<p><a href=\"https:\/\/pharmakondigital.com\/es\/entrevista-introduccion-a-la-seccion-entrevistas\/\"><strong>Introducci\u00f3n<\/strong><\/a><br \/>\n<a href=\"https:\/\/pharmakondigital.com\/es\/entrevista-natalia-andreini\/\"><strong>Natalia Andreini<\/strong><\/a><br \/>\n<a href=\"https:\/\/pharmakondigital.com\/es\/entrevista-oscar-reymundo\/\"><strong>Oscar Reymundo<\/strong><\/a><br \/>\n<a href=\"https:\/\/pharmakondigital.com\/es\/entrevista-3\/\"><strong>Pablo Sauce<\/strong><\/a><br \/>\n<a href=\"https:\/\/pharmakondigital.com\/es\/entrevista-raquel-vargas\/\"><strong>Raquel Vargas<\/strong><\/a><\/p>\n<hr \/>\n<h3><img loading=\"lazy\" decoding=\"async\" class=\"aligncenter size-full wp-image-3636\" src=\"https:\/\/pharmakondigital.com\/wp-content\/uploads\/2026\/01\/foto_esteticas.jpg\" alt=\"\" width=\"1360\" height=\"400\" srcset=\"https:\/\/pharmakondigital.com\/wp-content\/uploads\/2026\/01\/foto_esteticas.jpg 1360w, https:\/\/pharmakondigital.com\/wp-content\/uploads\/2026\/01\/foto_esteticas-300x88.jpg 300w, https:\/\/pharmakondigital.com\/wp-content\/uploads\/2026\/01\/foto_esteticas-1024x301.jpg 1024w, https:\/\/pharmakondigital.com\/wp-content\/uploads\/2026\/01\/foto_esteticas-768x226.jpg 768w\" sizes=\"auto, (max-width: 1360px) 100vw, 1360px\" \/><\/h3>\n<h3><strong>EST\u00c9TICA DEL CONSUMO<\/strong><\/h3>\n<p>Lilany Pacheco: <a href=\"https:\/\/pharmakondigital.com\/es\/resena-del-libro-de-jesus-santiago-la-ruptura-con-el-goce-falico-y-sus-incidencias-en-el-uso-contemporaneo-de-las-drogas\/\"><strong>Rese\u00f1a del libro de J\u00e9sus Santiago: La ruptura con el goce f\u00e1lico y sus incidencias en el uso contempor\u00e1neo de las drogas<\/strong><\/a><\/p>\n<hr \/>\n<h3><img loading=\"lazy\" decoding=\"async\" class=\"aligncenter size-full wp-image-3645\" src=\"https:\/\/pharmakondigital.com\/wp-content\/uploads\/2026\/01\/foto_tematicos003.jpg\" alt=\"\" width=\"1360\" height=\"400\" srcset=\"https:\/\/pharmakondigital.com\/wp-content\/uploads\/2026\/01\/foto_tematicos003.jpg 1360w, https:\/\/pharmakondigital.com\/wp-content\/uploads\/2026\/01\/foto_tematicos003-300x88.jpg 300w, https:\/\/pharmakondigital.com\/wp-content\/uploads\/2026\/01\/foto_tematicos003-1024x301.jpg 1024w, https:\/\/pharmakondigital.com\/wp-content\/uploads\/2026\/01\/foto_tematicos003-768x226.jpg 768w\" sizes=\"auto, (max-width: 1360px) 100vw, 1360px\" \/><\/h3>\n<h3><strong>TEXTOS TEM\u00c1TICOS:<\/strong><\/h3>\n<p>Dar\u00edo Galante: <a href=\"https:\/\/pharmakondigital.com\/es\/cinco-axiomas-aplicados-a-la-clinica-de-las-toxicomanias\/\"><strong>Cinco axiomas aplicados a la cl\u00ednica de la toxicoman\u00eda<\/strong><\/a><br \/>\nMaria Wilma Faria:<a href=\"https:\/\/pharmakondigital.com\/es\/la-especificidad-de-la-toxicomania\/\"><strong> La especificidad de la toxicoman\u00eda<\/strong><\/a><br \/>\nJean- Louis Aucremane: <a href=\"https:\/\/pharmakondigital.com\/es\/un-tirano-absolobo\/\"><strong>Un tirano abso<em>lobo<\/em><\/strong><\/a><br \/>\nRodolphe Adam: <a href=\"https:\/\/pharmakondigital.com\/es\/el-juego-de-azar-una-adiccion-singular\/\"><strong>El juego de azar: Una adicci\u00f3n singular<\/strong><\/a><br \/>\nEugenio D\u00edaz: <a href=\"https:\/\/pharmakondigital.com\/es\/la-funcion-del-toxico-en-la-epoca-del-hiperconsumo\/\"><strong>La funcci\u00f3n del t\u00f3xico en la era del hiperconsumo<\/strong><\/a><br \/>\nAna Vigan\u00f3:<a href=\"https:\/\/pharmakondigital.com\/es\/con-la-mandibula-entumida\/\"> <strong>Con la mand\u00edbula dormiente<\/strong><\/a><br \/>\nNelson Feldman: <a href=\"https:\/\/pharmakondigital.com\/es\/de-una-adiccion-a-otra\/\"><strong>De una adicci\u00f3n a otra<\/strong><\/a><\/p>\n[\/vc_column_text][\/vc_column][vc_column width=\u00bb1\/3&#8243; wpex_bg_color=\u00bb#f1f1f1&#8243; css=\u00bb.vc_custom_1768418370820{padding-top: 15px !important;padding-bottom: 30px !important;}\u00bb]<figure class=\"vcex-image vcex-module\"><div class=\"vcex-image-inner wpex-relative wpex-inline-block\"><img width=\"2560\" height=\"1921\" src=\"https:\/\/pharmakondigital.com\/wp-content\/uploads\/2026\/01\/ED02_cover-scaled.jpg\" class=\"vcex-image-img wpex-align-middle\" alt=\"\" loading=\"lazy\" decoding=\"async\" srcset=\"https:\/\/pharmakondigital.com\/wp-content\/uploads\/2026\/01\/ED02_cover-scaled.jpg 2560w, https:\/\/pharmakondigital.com\/wp-content\/uploads\/2026\/01\/ED02_cover-300x225.jpg 300w, https:\/\/pharmakondigital.com\/wp-content\/uploads\/2026\/01\/ED02_cover-1024x768.jpg 1024w, https:\/\/pharmakondigital.com\/wp-content\/uploads\/2026\/01\/ED02_cover-768x576.jpg 768w, https:\/\/pharmakondigital.com\/wp-content\/uploads\/2026\/01\/ED02_cover-1536x1152.jpg 1536w, https:\/\/pharmakondigital.com\/wp-content\/uploads\/2026\/01\/ED02_cover-2048x1537.jpg 2048w\" sizes=\"auto, (max-width: 2560px) 100vw, 2560px\" \/><\/div><\/figure>[vc_empty_space height=\u00bb15&#8243;]<div class=\"theme-button-wrap textcenter wpex-clr\"><a href=\"https:\/\/pharmakondigital.com\/wp-content\/uploads\/2026\/01\/pharmakon_Ed02_ES.pdf\" class=\"vcex-button theme-button small align-center inline\"><span class=\"vcex-button-inner theme-button-inner wpex-flex wpex-flex-wrap wpex-items-center wpex-justify-center\"><span class=\"vcex-button-icon vcex-icon-wrap theme-button-icon-left\"><span class=\"wpex-icon\" aria-hidden=\"true\"><svg xmlns=\"http:\/\/www.w3.org\/2000\/svg\" viewBox=\"0 0 512 512\"><path d=\"M64 464l48 0 0 48-48 0c-35.3 0-64-28.7-64-64L0 64C0 28.7 28.7 0 64 0L229.5 0c17 0 33.3 6.7 45.3 18.7l90.5 90.5c12 12 18.7 28.3 18.7 45.3L384 304l-48 0 0-144-80 0c-17.7 0-32-14.3-32-32l0-80L64 48c-8.8 0-16 7.2-16 16l0 384c0 8.8 7.2 16 16 16zM176 352l32 0c30.9 0 56 25.1 56 56s-25.1 56-56 56l-16 0 0 32c0 8.8-7.2 16-16 16s-16-7.2-16-16l0-48 0-80c0-8.8 7.2-16 16-16zm32 80c13.3 0 24-10.7 24-24s-10.7-24-24-24l-16 0 0 48 16 0zm96-80l32 0c26.5 0 48 21.5 48 48l0 64c0 26.5-21.5 48-48 48l-32 0c-8.8 0-16-7.2-16-16l0-128c0-8.8 7.2-16 16-16zm32 128c8.8 0 16-7.2 16-16l0-64c0-8.8-7.2-16-16-16l-16 0 0 96 16 0zm80-112c0-8.8 7.2-16 16-16l48 0c8.8 0 16 7.2 16 16s-7.2 16-16 16l-32 0 0 32 32 0c8.8 0 16 7.2 16 16s-7.2 16-16 16l-32 0 0 48c0 8.8-7.2 16-16 16s-16-7.2-16-16l0-64 0-64z\"\/><\/svg><\/span><\/span>DOWNLOAD PDF<\/span><\/a><\/div> [vc_empty_space height=\u00bb15&#8243;]<div class=\"vcex-module vcex-divider vcex-divider-solid vcex-divider-center wpex-mx-auto wpex-block wpex-h-0 wpex-border-b wpex-border-solid wpex-border-main\" style=\"border-color:var(--wpex-accent);\"><\/div>[vc_column_text css=\u00bb\u00bb]\n<div class=\"console_sidebar\">\n<h3 class=\"h3_white\" style=\"text-align: justify;\">EDITORIAL &#8211; 2016 &#8211; N\u00ba 2<\/h3>\n<\/div>\n<h6 style=\"text-align: justify;\"><strong><em>Elisa Alvarenga (Belo Horizonte, Brasil)<\/em><\/strong><br \/>\n<em>Analista Miembro de la Escuela (AME) de la Escola Brasileira de Psican\u00e1lise (EBP) y de la Asociaci\u00f3n Mundial de Psicoan\u00e1lisis (AMP)<\/em><\/h6>\n<p style=\"text-align: justify;\">Luego del lanzamiento de la Revista\u00a0<strong>Pharmakon<\/strong>\u00a0Digital con el tema \u201cIm\u00e1genes e intoxicaciones\u201d, que privilegi\u00f3 las adicciones contempor\u00e1neas ligadas al \u00abimperio de las im\u00e1genes\u00bb, este n\u00famero de\u00a0<strong>Pharmakon\u00a0<\/strong>Digital retoma la propuesta formulada por Mauricio Tarrab al final del II Coloquio Internacional de la Red TyA, que se desarroll\u00f3 el d\u00eda 3 de septiembre de 2015, en la v\u00edspera del VII Encuentro Americano de Psicoan\u00e1lisis de la Orientaci\u00f3n Lacaniana, de que retornemos a la cuesti\u00f3n de la especificidad de la toxicoman\u00eda entre las adicciones: \u00bfqu\u00e9 podemos decir de la fijaci\u00f3n de un sujeto al objeto droga? \u00bfHabr\u00eda una especificidad de la toxicoman\u00eda en relaci\u00f3n a otras adicciones, caracter\u00edsticas, o no, de la contemporaneidad?<\/p>\n<p style=\"text-align: justify;\"><a href=\"https:\/\/pharmakondigital.com\/es\/editorial-2016-vol-2\/\">LEER+<\/a><\/p>\n<hr \/>\n<div class=\"console_sidebar\" style=\"text-align: justify;\">\n<h3 class=\"h3_white\">PRESENTACI\u00d3N<\/h3>\n<\/div>\n<p style=\"text-align: justify;\"><strong>La Revista PHARMAKON DIGITAL\u00a0es una publicaci\u00f3n biling\u00fbe, en portugu\u00e9s y espa\u00f1ol, de la Red de Toxicoman\u00eda y Alcoholismo (TyA) del Campo Freudiano. Publicamos art\u00edculos originales de Psicoan\u00e1lisis aplicado al tema de las toxicoman\u00edas y alcoholismo, relacionados a la obra de Freud, a la ense\u00f1anza de Lacan y sus desdoblamientos.<\/strong><\/p>\n<p style=\"text-align: justify;\"><strong>Comit\u00e9 Editorial:<br \/>\n<\/strong><strong>Directora<\/strong>:\u00a0<em>Elisa Alvarenga<\/em><br \/>\n<strong>Editora en portugu\u00e9s<\/strong>:\u00a0<em>Maria Wilma S. de Faria<\/em><br \/>\n<strong>Equipe editorial<\/strong>:\u00a0<em>Cassandra Dias, Claudia Maria Generoso, Leonardo Scofield, Luiz Francisco Espindola Camargo, M\u00e1rcia Mez\u00eancio, Maria C\u00e9lia Kato, Oscar Reymundo, Pablo Sauce.<\/em><br \/>\n<strong>Editor em espa\u00f1ol<\/strong>:\u00a0<em>Dar\u00edo Galante<\/em><br \/>\n<strong>Equipe editorial<\/strong>:\u00a0<em>Raquel Vargas, Pablo Olivero, Maximiliano Zenarola, Claudio Spivak, Marcos Fina, Miriam Pais y Estefan\u00eda Elizalde.<\/em><\/p>\n<p><strong>Creaci\u00f3n y publicaci\u00f3n\u00a0<\/strong><strong>:<br \/>\n<\/strong><em>Bruno Senna<\/em><\/p>\n<p>Rede de Toxicomania e Alcoolismo (TyA) do Campo Freudiano<br \/>\nInstituto de Psican\u00e1lise e Sa\u00fade Mental de Minas Gerais<br \/>\nRua Felipe dos Santos, 588, Lourdes.<br \/>\nBelo Horizonte, MG. 30180-160[\/vc_column_text][\/vc_column][\/vc_row]\n<\/div>","protected":false},"excerpt":{"rendered":"<p>[vc_row][vc_column width=\u00bb2\/3&#8243;][vc_column_text css=\u00bb\u00bb] PHARMAKON DIGITAL 2015 &#8211; N\u00ba 2 Publicaci\u00f3n de la Red de Toxicoman\u00eda y Alcoholismo del Campo Freudiano LA ESPECIFICIDAD DE LA TOXOCOMAN\u00cdA EDITORIAL Elisa Alvarenga (Belo Horizonte, Brasil) Analista Miembro de la Escuela (AME) de la Escola Brasileira de Psican\u00e1lise (EBP) y de la Asociaci\u00f3n Mundial de Psicoan\u00e1lisis (AMP) ADOLESCENCIA Claudia Maria&hellip;<\/p>\n","protected":false},"author":1,"featured_media":0,"parent":0,"menu_order":0,"comment_status":"closed","ping_status":"closed","template":"","meta":{"footnotes":""},"class_list":["post-3620","page","type-page","status-publish","hentry","entry","no-media"],"_links":{"self":[{"href":"https:\/\/pharmakondigital.com\/es\/wp-json\/wp\/v2\/pages\/3620","targetHints":{"allow":["GET"]}}],"collection":[{"href":"https:\/\/pharmakondigital.com\/es\/wp-json\/wp\/v2\/pages"}],"about":[{"href":"https:\/\/pharmakondigital.com\/es\/wp-json\/wp\/v2\/types\/page"}],"author":[{"embeddable":true,"href":"https:\/\/pharmakondigital.com\/es\/wp-json\/wp\/v2\/users\/1"}],"replies":[{"embeddable":true,"href":"https:\/\/pharmakondigital.com\/es\/wp-json\/wp\/v2\/comments?post=3620"}],"version-history":[{"count":10,"href":"https:\/\/pharmakondigital.com\/es\/wp-json\/wp\/v2\/pages\/3620\/revisions"}],"predecessor-version":[{"id":4540,"href":"https:\/\/pharmakondigital.com\/es\/wp-json\/wp\/v2\/pages\/3620\/revisions\/4540"}],"wp:attachment":[{"href":"https:\/\/pharmakondigital.com\/es\/wp-json\/wp\/v2\/media?parent=3620"}],"curies":[{"name":"wp","href":"https:\/\/api.w.org\/{rel}","templated":true}]}}