{"id":3666,"date":"2026-01-14T19:36:37","date_gmt":"2026-01-14T19:36:37","guid":{"rendered":"https:\/\/pharmakondigital.com\/vol-03\/"},"modified":"2026-01-18T13:53:10","modified_gmt":"2026-01-18T13:53:10","slug":"vol-03","status":"publish","type":"page","link":"https:\/\/pharmakondigital.com\/es\/vol-03\/","title":{"rendered":"VOL. 03"},"content":{"rendered":"<div class=\"wpb-content-wrapper\">[vc_row][vc_column width=\u00bb2\/3&#8243;][vc_column_text]\n<h1><img loading=\"lazy\" decoding=\"async\" class=\"aligncenter wp-image-3674\" src=\"https:\/\/pharmakondigital.com\/wp-content\/uploads\/2026\/01\/imagem_capa003.jpg\" alt=\"\" width=\"1195\" height=\"580\" srcset=\"https:\/\/pharmakondigital.com\/wp-content\/uploads\/2026\/01\/imagem_capa003.jpg 1360w, https:\/\/pharmakondigital.com\/wp-content\/uploads\/2026\/01\/imagem_capa003-300x146.jpg 300w, https:\/\/pharmakondigital.com\/wp-content\/uploads\/2026\/01\/imagem_capa003-1024x497.jpg 1024w, https:\/\/pharmakondigital.com\/wp-content\/uploads\/2026\/01\/imagem_capa003-768x373.jpg 768w\" sizes=\"auto, (max-width: 1195px) 100vw, 1195px\" \/><\/h1>\n<h1>PHARMAKON DIGITAL 2017 &#8211; N\u00ba 3<\/h1>\n<h2>Publicaci\u00f3n de la Red de Toxicoman\u00eda y Alcoholismo del Campo Freudiano<\/h2>\n<h3><strong>TOXICOMAN\u00cdA Y PSICOSIS<\/strong><\/h3>\n<hr \/>\n<div class=\"sidebar_left\">\n<div class=\"sidebar_left\">\n<h3><img loading=\"lazy\" decoding=\"async\" class=\"aligncenter wp-image-3681\" src=\"https:\/\/pharmakondigital.com\/wp-content\/uploads\/2026\/01\/foto_conferencias-1.jpg\" alt=\"\" width=\"1195\" height=\"351\" srcset=\"https:\/\/pharmakondigital.com\/wp-content\/uploads\/2026\/01\/foto_conferencias-1.jpg 1360w, https:\/\/pharmakondigital.com\/wp-content\/uploads\/2026\/01\/foto_conferencias-1-300x88.jpg 300w, https:\/\/pharmakondigital.com\/wp-content\/uploads\/2026\/01\/foto_conferencias-1-1024x301.jpg 1024w, https:\/\/pharmakondigital.com\/wp-content\/uploads\/2026\/01\/foto_conferencias-1-768x226.jpg 768w\" sizes=\"auto, (max-width: 1195px) 100vw, 1195px\" \/><\/h3>\n<h3><strong>EDITORIAL<\/strong><\/h3>\n<p><a href=\"https:\/\/pharmakondigital.com\/es\/editorial-noviembre-2017-vol-3\/\"><strong>Dar\u00edo Galante<\/strong><\/a><\/p>\n<hr \/>\n<h3><img loading=\"lazy\" decoding=\"async\" class=\"aligncenter wp-image-3684\" src=\"https:\/\/pharmakondigital.com\/wp-content\/uploads\/2026\/01\/foto_entrevistas.jpg\" alt=\"\" width=\"1195\" height=\"351\" srcset=\"https:\/\/pharmakondigital.com\/wp-content\/uploads\/2026\/01\/foto_entrevistas.jpg 1360w, https:\/\/pharmakondigital.com\/wp-content\/uploads\/2026\/01\/foto_entrevistas-300x88.jpg 300w, https:\/\/pharmakondigital.com\/wp-content\/uploads\/2026\/01\/foto_entrevistas-1024x301.jpg 1024w, https:\/\/pharmakondigital.com\/wp-content\/uploads\/2026\/01\/foto_entrevistas-768x226.jpg 768w\" sizes=\"auto, (max-width: 1195px) 100vw, 1195px\" \/><\/h3>\n<h3><strong>CONFERENCIA<\/strong><\/h3>\n<p><a href=\"https:\/\/pharmakondigital.com\/es\/droga-ruptura-falica-y-psicosis-ordinaria\/\"><strong>Droga, ruptura f\u00e1lica y psicosis ordinaria<\/strong><\/a>\u00a0&#8211; J\u00e9sus Santiago<\/p>\n<hr \/>\n<h3><img loading=\"lazy\" decoding=\"async\" class=\"aligncenter wp-image-3678\" src=\"https:\/\/pharmakondigital.com\/wp-content\/uploads\/2026\/01\/foto_classicos-1.jpg\" alt=\"\" width=\"1195\" height=\"351\" srcset=\"https:\/\/pharmakondigital.com\/wp-content\/uploads\/2026\/01\/foto_classicos-1.jpg 1360w, https:\/\/pharmakondigital.com\/wp-content\/uploads\/2026\/01\/foto_classicos-1-300x88.jpg 300w, https:\/\/pharmakondigital.com\/wp-content\/uploads\/2026\/01\/foto_classicos-1-1024x301.jpg 1024w, https:\/\/pharmakondigital.com\/wp-content\/uploads\/2026\/01\/foto_classicos-1-768x226.jpg 768w\" sizes=\"auto, (max-width: 1195px) 100vw, 1195px\" \/><\/h3>\n<h3><strong>ENTREVISTA<\/strong><\/h3>\n<p><a href=\"https:\/\/pharmakondigital.com\/es\/entrevista-a-fabian-naparstek\/\"><strong>Entrevista a Fabi\u00e1n Naparstek<\/strong><\/a><\/p>\n<hr \/>\n<h3><img loading=\"lazy\" decoding=\"async\" class=\"aligncenter wp-image-3690\" src=\"https:\/\/pharmakondigital.com\/wp-content\/uploads\/2026\/01\/foto_tematicos-1.jpg\" alt=\"\" width=\"1195\" height=\"351\" srcset=\"https:\/\/pharmakondigital.com\/wp-content\/uploads\/2026\/01\/foto_tematicos-1.jpg 1360w, https:\/\/pharmakondigital.com\/wp-content\/uploads\/2026\/01\/foto_tematicos-1-300x88.jpg 300w, https:\/\/pharmakondigital.com\/wp-content\/uploads\/2026\/01\/foto_tematicos-1-1024x301.jpg 1024w, https:\/\/pharmakondigital.com\/wp-content\/uploads\/2026\/01\/foto_tematicos-1-768x226.jpg 768w\" sizes=\"auto, (max-width: 1195px) 100vw, 1195px\" \/><\/h3>\n<h3><strong>CL\u00c1SICOS<\/strong><\/h3>\n<p><a href=\"https:\/\/pharmakondigital.com\/es\/tres-observaciones-sobre-la-toxicomania\/\"><strong>Tres observaciones sobre la toxicoman\u00eda<\/strong><\/a>\u00a0&#8211; Eric Laurent<\/p>\n<hr \/>\n<h3><img loading=\"lazy\" decoding=\"async\" class=\"aligncenter wp-image-3675\" src=\"https:\/\/pharmakondigital.com\/wp-content\/uploads\/2026\/01\/foto_adolescencia-1.jpg\" alt=\"\" width=\"1195\" height=\"352\" srcset=\"https:\/\/pharmakondigital.com\/wp-content\/uploads\/2026\/01\/foto_adolescencia-1.jpg 1417w, https:\/\/pharmakondigital.com\/wp-content\/uploads\/2026\/01\/foto_adolescencia-1-300x88.jpg 300w, https:\/\/pharmakondigital.com\/wp-content\/uploads\/2026\/01\/foto_adolescencia-1-1024x301.jpg 1024w, https:\/\/pharmakondigital.com\/wp-content\/uploads\/2026\/01\/foto_adolescencia-1-768x226.jpg 768w\" sizes=\"auto, (max-width: 1195px) 100vw, 1195px\" \/><\/h3>\n<h3><strong>TEXTOS TEM\u00c1TICOS<\/strong><\/h3>\n<p><a href=\"https:\/\/pharmakondigital.com\/es\/la-marca-de-la-ausencia\/\"><strong>La marca de la ausencia<\/strong><\/a>\u00a0&#8211; Ernesto Sinatra<\/p>\n<p><a href=\"https:\/\/pharmakondigital.com\/es\/toxicomanias-y-psicosis\/\"><strong>Toxicoman\u00edas y psicosis<\/strong><\/a>\u00a0&#8211; Ant\u00f4nio Beneti<\/p>\n<p><a href=\"https:\/\/pharmakondigital.com\/es\/lo-ordinario-en-el-campo-de-la-psicosis-y-en-el-campo-de-la-toxicomania\/\"><strong>Lo ordinario: en el campo de la psicosis y en el campo de la toxicoman\u00eda<\/strong><\/a>\u00a0&#8211; Liliana Aguilar<\/p>\n<p><a href=\"https:\/\/pharmakondigital.com\/es\/lazo-social-y-adicciones\/\"><strong>Lazo social y adicciones<\/strong><\/a>\u00a0&#8211; Pierre Sidon<\/p>\n<p><a href=\"https:\/\/pharmakondigital.com\/es\/rompiendo-el-efecto-del-afecto\/\"><strong>Rompiendo el efecto del afecto<\/strong><\/a>\u00a0&#8211; Jean-Mark Josson<\/p>\n<p><a href=\"https:\/\/pharmakondigital.com\/es\/la-orfandad-toxicomana\/\"><strong>La orfandad toxic\u00f3mana<\/strong>\u00a0<\/a>&#8211; Irene Dominguez<\/p>\n<p><a href=\"https:\/\/pharmakondigital.com\/es\/un-uso-regulado-del-toxico\/\"><strong>Un uso regulado del t\u00f3xico<\/strong><\/a>\u00a0&#8211; Epaminondas Theodoridis<\/p>\n<p><a href=\"https:\/\/pharmakondigital.com\/es\/para-una-clinica-de-la-elision-del-falo\/\"><strong>Para una cl\u00ednica de la elisi\u00f3n del falo<\/strong><\/a>\u00a0&#8211; C\u00e9sar Skaf<\/p>\n<p><a href=\"https:\/\/pharmakondigital.com\/es\/toxicomanias-aplicadas-a-las-psicosis\/\"><strong>Toxicoman\u00edas aplicadas a las psicosis<\/strong><\/a>\u00a0&#8211; Leonardo Scofield<\/p>\n<p><a href=\"https:\/\/pharmakondigital.com\/es\/intoxicaciones-en-el-contexto-del-desencadenamiento-de-la-psicosis\/\"><strong>Intoxicaciones en el contexto del desencadenamiento de la psicosis<\/strong><\/a>\u00a0&#8211; Viviane Tinoco Martins<\/p>\n<hr \/>\n<h3><img loading=\"lazy\" decoding=\"async\" class=\"aligncenter wp-image-3687\" src=\"https:\/\/pharmakondigital.com\/wp-content\/uploads\/2026\/01\/foto_estetica.jpg\" alt=\"\" width=\"1195\" height=\"351\" srcset=\"https:\/\/pharmakondigital.com\/wp-content\/uploads\/2026\/01\/foto_estetica.jpg 1360w, https:\/\/pharmakondigital.com\/wp-content\/uploads\/2026\/01\/foto_estetica-300x88.jpg 300w, https:\/\/pharmakondigital.com\/wp-content\/uploads\/2026\/01\/foto_estetica-1024x301.jpg 1024w, https:\/\/pharmakondigital.com\/wp-content\/uploads\/2026\/01\/foto_estetica-768x226.jpg 768w\" sizes=\"auto, (max-width: 1195px) 100vw, 1195px\" \/><\/h3>\n<h3><strong>ADOLESCENCIA<\/strong><\/h3>\n<p><a href=\"https:\/\/pharmakondigital.com\/es\/los-buenos-colegas-para-los-chicos-bellos\/\"><strong>Los buenos colegas, para los chicos bellos<\/strong><\/a>\u00a0&#8211; Nadine Page<\/p>\n<hr \/>\n<h3><img loading=\"lazy\" decoding=\"async\" class=\"aligncenter wp-image-3693\" src=\"https:\/\/pharmakondigital.com\/wp-content\/uploads\/2026\/01\/foto_salamone.jpg\" alt=\"\" width=\"1195\" height=\"352\" srcset=\"https:\/\/pharmakondigital.com\/wp-content\/uploads\/2026\/01\/foto_salamone.jpg 1417w, https:\/\/pharmakondigital.com\/wp-content\/uploads\/2026\/01\/foto_salamone-300x88.jpg 300w, https:\/\/pharmakondigital.com\/wp-content\/uploads\/2026\/01\/foto_salamone-1024x301.jpg 1024w, https:\/\/pharmakondigital.com\/wp-content\/uploads\/2026\/01\/foto_salamone-768x226.jpg 768w\" sizes=\"auto, (max-width: 1195px) 100vw, 1195px\" \/><\/h3>\n<h3><strong>EST\u00c9TICA DE CONSUMO<\/strong><\/h3>\n<p><a href=\"https:\/\/pharmakondigital.com\/es\/usos-del-cuerpo-en-las-toxicomanias\/\"><strong>Usos del cuerpo en las toxicoman\u00edas<\/strong><\/a>\u00a0&#8211; Eugenia Florez<\/p>\n<p><a href=\"https:\/\/pharmakondigital.com\/es\/syd-barrett-sigue-brillando-diamante-loco\/\"><strong>Syd Barrett: sigue brillando diamante loco<\/strong><\/a>\u00a0&#8211; Luis Salomone<\/p>\n<p><a href=\"https:\/\/pharmakondigital.com\/es\/la-inquietante-familiaridad-de-las-drogas-resena-del-iii-coloquio-americano-de-la-red-tya\/\"><strong>La inquietante familiaridad de las drogas: rese\u00f1a del III Coloquio Americano de la Red TyA<\/strong><\/a>\u00a0&#8211; Cl\u00e1udia Maria Generoso, Claudio Spivak, Marcelo Quint\u00e3o e Silva<\/p>\n<\/div>\n<\/div>\n[\/vc_column_text][\/vc_column][vc_column width=\u00bb1\/3&#8243; css=\u00bb.vc_custom_1768420844137{padding-top: 15px !important;padding-bottom: 30px !important;}\u00bb wpex_bg_color=\u00bb#f1f1f1&#8243;]<figure class=\"vcex-image vcex-module\"><div class=\"vcex-image-inner wpex-relative wpex-inline-block\"><img width=\"2560\" height=\"1921\" src=\"https:\/\/pharmakondigital.com\/wp-content\/uploads\/2026\/01\/ED03_cover-scaled.jpg\" class=\"vcex-image-img wpex-align-middle\" alt=\"\" loading=\"lazy\" decoding=\"async\" srcset=\"https:\/\/pharmakondigital.com\/wp-content\/uploads\/2026\/01\/ED03_cover-scaled.jpg 2560w, https:\/\/pharmakondigital.com\/wp-content\/uploads\/2026\/01\/ED03_cover-300x225.jpg 300w, https:\/\/pharmakondigital.com\/wp-content\/uploads\/2026\/01\/ED03_cover-1024x768.jpg 1024w, https:\/\/pharmakondigital.com\/wp-content\/uploads\/2026\/01\/ED03_cover-768x576.jpg 768w, https:\/\/pharmakondigital.com\/wp-content\/uploads\/2026\/01\/ED03_cover-1536x1152.jpg 1536w, https:\/\/pharmakondigital.com\/wp-content\/uploads\/2026\/01\/ED03_cover-2048x1537.jpg 2048w\" sizes=\"auto, (max-width: 2560px) 100vw, 2560px\" \/><\/div><\/figure>[vc_empty_space height=\u00bb15&#8243;]<div class=\"theme-button-wrap textcenter wpex-clr\"><a href=\"https:\/\/pharmakondigital.com\/wp-content\/uploads\/2026\/01\/pharmakon_Ed03_ES.pdf\" class=\"vcex-button theme-button small align-center inline\"><span class=\"vcex-button-inner theme-button-inner wpex-flex wpex-flex-wrap wpex-items-center wpex-justify-center\"><span class=\"vcex-button-icon vcex-icon-wrap theme-button-icon-left\"><span class=\"wpex-icon\" aria-hidden=\"true\"><svg xmlns=\"http:\/\/www.w3.org\/2000\/svg\" viewBox=\"0 0 512 512\"><path d=\"M64 464l48 0 0 48-48 0c-35.3 0-64-28.7-64-64L0 64C0 28.7 28.7 0 64 0L229.5 0c17 0 33.3 6.7 45.3 18.7l90.5 90.5c12 12 18.7 28.3 18.7 45.3L384 304l-48 0 0-144-80 0c-17.7 0-32-14.3-32-32l0-80L64 48c-8.8 0-16 7.2-16 16l0 384c0 8.8 7.2 16 16 16zM176 352l32 0c30.9 0 56 25.1 56 56s-25.1 56-56 56l-16 0 0 32c0 8.8-7.2 16-16 16s-16-7.2-16-16l0-48 0-80c0-8.8 7.2-16 16-16zm32 80c13.3 0 24-10.7 24-24s-10.7-24-24-24l-16 0 0 48 16 0zm96-80l32 0c26.5 0 48 21.5 48 48l0 64c0 26.5-21.5 48-48 48l-32 0c-8.8 0-16-7.2-16-16l0-128c0-8.8 7.2-16 16-16zm32 128c8.8 0 16-7.2 16-16l0-64c0-8.8-7.2-16-16-16l-16 0 0 96 16 0zm80-112c0-8.8 7.2-16 16-16l48 0c8.8 0 16 7.2 16 16s-7.2 16-16 16l-32 0 0 32 32 0c8.8 0 16 7.2 16 16s-7.2 16-16 16l-32 0 0 48c0 8.8-7.2 16-16 16s-16-7.2-16-16l0-64 0-64z\"\/><\/svg><\/span><\/span>DOWNLOAD PDF<\/span><\/a><\/div> [vc_empty_space height=\u00bb15&#8243;]<div class=\"vcex-module vcex-divider vcex-divider-solid vcex-divider-center wpex-mx-auto wpex-block wpex-h-0 wpex-border-b wpex-border-solid wpex-border-main\" style=\"border-color:var(--wpex-accent);\"><\/div>[vc_column_text css=\u00bb\u00bb]\n<div class=\"console_sidebar\">\n<h3 class=\"h3_white\" style=\"text-align: justify;\">EDITORIAL &#8211; 2017 &#8211; N\u00ba 3<\/h3>\n<\/div>\n<h6 style=\"text-align: justify;\"><strong><em>Dar\u00edo Galante (Buenos Aires, Argentina)<\/em><\/strong><\/h6>\n<p style=\"text-align: justify;\">El tercer numero de\u00a0<em>Pharmakon Digital<\/em>\u00a0est\u00e1 dedicado a las Psicosis. Partimos de la conferencia que nos ofrece J\u00e9sus Santiago, \u201cDroga, ruptura f\u00e1lica y psicosis ordinaria\u201d, en la que sostiene que la droga puede ser un Nombre-del-Padre en la relaci\u00f3n que el sujeto tiene con su cuerpo<\/p>\n<p style=\"text-align: justify;\"><a href=\"https:\/\/pharmakondigital.com\/es\/editorial-noviembre-2017-vol-3\/\">LEIA+<\/a><\/p>\n<hr \/>\n<div class=\"console_sidebar\" style=\"text-align: justify;\">\n<h3 class=\"h3_white\" style=\"text-align: justify;\">APRESENTA\u00c7\u00c3O<\/h3>\n<\/div>\n<p style=\"text-align: justify;\"><strong>La Revista PHARMAKON DIGITAL\u00a0es una publicaci\u00f3n biling\u00fbe, en portugu\u00e9s y espa\u00f1ol, de la Red de Toxicoman\u00eda y Alcoholismo (TyA) del Campo Freudiano. Publicamos art\u00edculos originales de Psicoan\u00e1lisis aplicado al tema de las toxicoman\u00edas y alcoholismo, relacionados a la obra de Freud, a la ense\u00f1anza de Lacan y sus desdoblamientos.<\/strong><\/p>\n<p style=\"text-align: justify;\"><strong>Comit\u00e9 Editorial:<br \/>\n<\/strong><strong>Directora<\/strong>:\u00a0<em>Elisa Alvarenga<\/em><br \/>\n<strong>Editora en portugu\u00e9s<\/strong>:\u00a0<em>Maria Wilma S. de Faria<\/em><br \/>\n<strong>Equipo editorial<\/strong>:\u00a0<em>Cassandra Dias, Claudia Maria Generoso, Leonardo Scofield, Luiz Francisco Espindola Camargo, M\u00e1rcia Mez\u00eancio, Maria C\u00e9lia Kato, Oscar Reymundo, Pablo Sauce.<\/em><br \/>\n<strong>Editor en espa\u00f1ol<\/strong>:\u00a0<em>Dar\u00edo Galante<\/em><br \/>\n<strong>Equipo editorial<\/strong>:\u00a0<em>Raquel Vargas, Maximiliano Zenarola, Claudio Spivak, Marcos Fina, Miriam Pais y Estefan\u00eda Elizalde.<\/em><\/p>\n<p style=\"text-align: justify;\"><strong>Consultores:<br \/>\n<\/strong>Judith Miller<br \/>\nErnesto Sinatra<br \/>\nFabi\u00e1n Naparstek<br \/>\nAntonio Beneti<br \/>\nJ\u00e9sus Santiago<\/p>\n<p style=\"text-align: justify;\"><strong>Creaci\u00f3n y publicaci\u00f3n\u00a0<\/strong><strong>:<br \/>\n<\/strong><em>Bruno Senna<\/em><\/p>\n<p style=\"text-align: justify;\">Rede de Toxicomania e Alcoolismo (TyA) do Campo Freudiano<br \/>\nInstituto de Psican\u00e1lise e Sa\u00fade Mental de Minas Gerais<br \/>\nRua Felipe dos Santos, 588, Lourdes.<br \/>\nBelo Horizonte, MG. 30180-160<\/p>\n[\/vc_column_text][\/vc_column][\/vc_row][vc_row][vc_column][vc_column_text]\n[\/vc_column_text][\/vc_column][\/vc_row]\n<\/div>","protected":false},"excerpt":{"rendered":"<p>[vc_row][vc_column width=\u00bb2\/3&#8243;][vc_column_text] PHARMAKON DIGITAL 2017 &#8211; N\u00ba 3 Publicaci\u00f3n de la Red de Toxicoman\u00eda y Alcoholismo del Campo Freudiano TOXICOMAN\u00cdA Y PSICOSIS EDITORIAL Dar\u00edo Galante CONFERENCIA Droga, ruptura f\u00e1lica y psicosis ordinaria\u00a0&#8211; J\u00e9sus Santiago ENTREVISTA Entrevista a Fabi\u00e1n Naparstek CL\u00c1SICOS Tres observaciones sobre la toxicoman\u00eda\u00a0&#8211; Eric Laurent TEXTOS TEM\u00c1TICOS La marca de la ausencia\u00a0&#8211; Ernesto&hellip;<\/p>\n","protected":false},"author":1,"featured_media":0,"parent":0,"menu_order":0,"comment_status":"closed","ping_status":"closed","template":"","meta":{"footnotes":""},"class_list":["post-3666","page","type-page","status-publish","hentry","entry","no-media"],"_links":{"self":[{"href":"https:\/\/pharmakondigital.com\/es\/wp-json\/wp\/v2\/pages\/3666","targetHints":{"allow":["GET"]}}],"collection":[{"href":"https:\/\/pharmakondigital.com\/es\/wp-json\/wp\/v2\/pages"}],"about":[{"href":"https:\/\/pharmakondigital.com\/es\/wp-json\/wp\/v2\/types\/page"}],"author":[{"embeddable":true,"href":"https:\/\/pharmakondigital.com\/es\/wp-json\/wp\/v2\/users\/1"}],"replies":[{"embeddable":true,"href":"https:\/\/pharmakondigital.com\/es\/wp-json\/wp\/v2\/comments?post=3666"}],"version-history":[{"count":12,"href":"https:\/\/pharmakondigital.com\/es\/wp-json\/wp\/v2\/pages\/3666\/revisions"}],"predecessor-version":[{"id":4494,"href":"https:\/\/pharmakondigital.com\/es\/wp-json\/wp\/v2\/pages\/3666\/revisions\/4494"}],"wp:attachment":[{"href":"https:\/\/pharmakondigital.com\/es\/wp-json\/wp\/v2\/media?parent=3666"}],"curies":[{"name":"wp","href":"https:\/\/api.w.org\/{rel}","templated":true}]}}