{"id":3928,"date":"2026-01-15T10:33:27","date_gmt":"2026-01-15T10:33:27","guid":{"rendered":"https:\/\/pharmakondigital.com\/vol-4\/"},"modified":"2026-01-19T12:13:57","modified_gmt":"2026-01-19T12:13:57","slug":"vol-4","status":"publish","type":"page","link":"https:\/\/pharmakondigital.com\/es\/vol-4\/","title":{"rendered":"VOL. 04"},"content":{"rendered":"<div class=\"wpb-content-wrapper\">[vc_row][vc_column width=\u00bb2\/3&#8243;]<figure class=\"vcex-image vcex-module\"><div class=\"vcex-image-inner wpex-relative wpex-inline-block\"><img width=\"1360\" height=\"660\" src=\"https:\/\/pharmakondigital.com\/wp-content\/uploads\/2026\/01\/site_banner_vol_04.png\" class=\"vcex-image-img wpex-align-middle\" alt=\"\" loading=\"lazy\" decoding=\"async\" srcset=\"https:\/\/pharmakondigital.com\/wp-content\/uploads\/2026\/01\/site_banner_vol_04.png 1360w, https:\/\/pharmakondigital.com\/wp-content\/uploads\/2026\/01\/site_banner_vol_04-300x146.png 300w, https:\/\/pharmakondigital.com\/wp-content\/uploads\/2026\/01\/site_banner_vol_04-1024x497.png 1024w, https:\/\/pharmakondigital.com\/wp-content\/uploads\/2026\/01\/site_banner_vol_04-768x373.png 768w\" sizes=\"auto, (max-width: 1360px) 100vw, 1360px\" \/><\/div><\/figure>[vc_column_text css=\u00bb\u00bb]\n<h1>PHARMAKON DIGITAL 2023 &#8211; N\u00ba 4<\/h1>\n<h2>Publicaci\u00f3n de la Red de Toxicoman\u00eda y Alcoholismo del Campo Freudiano<\/h2>\n<h3><strong>Adicciones: \u00bfrechazo o elecci\u00f3n del inconsciente?<br \/>\nEfectos de interpretaci\u00f3n en los tratamientos por la palabra de los toxic\u00f3manos<\/strong><\/h3>\n<h3>EDITORIAL<\/h3>\n<p><a href=\"https:\/\/pharmakondigital.com\/es\/editorial\/\">Nadine Page, Nelson Feldman, Pierre Sidon, David Briard, Fabi\u00e1n Naparstek e \u00c8ve Miller-Rose<\/a>[\/vc_column_text]<div class=\"vcex-spacing wpex-w-100 wpex-clear\" style=\"height:30px;\"><\/div><div class=\"vcex-module vcex-divider vcex-divider-solid vcex-divider-center wpex-mx-auto wpex-block wpex-h-0 wpex-border-b wpex-border-solid wpex-border-main\" style=\"border-bottom-width:3px;border-color:var(--wpex-accent);\"><\/div><div class=\"vcex-spacing wpex-w-100 wpex-clear\" style=\"height:15px;\"><\/div><figure class=\"vcex-image vcex-module\"><div class=\"vcex-image-inner wpex-relative wpex-inline-block\"><a href=\"https:\/\/pharmakondigital.com\/wp-content\/uploads\/2026\/01\/IMAGEM-Tema.png\" class=\"wpex-lightbox\"><img width=\"1340\" height=\"300\" src=\"https:\/\/pharmakondigital.com\/wp-content\/uploads\/2026\/01\/ed_04_imagem_textos_tematicos.png\" class=\"vcex-image-img wpex-align-middle\" alt=\"\" loading=\"lazy\" decoding=\"async\" srcset=\"https:\/\/pharmakondigital.com\/wp-content\/uploads\/2026\/01\/ed_04_imagem_textos_tematicos.png 1340w, https:\/\/pharmakondigital.com\/wp-content\/uploads\/2026\/01\/ed_04_imagem_textos_tematicos-300x67.png 300w, https:\/\/pharmakondigital.com\/wp-content\/uploads\/2026\/01\/ed_04_imagem_textos_tematicos-1024x229.png 1024w, https:\/\/pharmakondigital.com\/wp-content\/uploads\/2026\/01\/ed_04_imagem_textos_tematicos-768x172.png 768w\" sizes=\"auto, (max-width: 1340px) 100vw, 1340px\" \/><\/a><\/div><figcaption class=\"vcex-image-caption wpex-mt-10\">Grinning Satyr, Balthasar Permoser, c. 1700. (Haga clic para ampliar la imagen)<\/figcaption><\/figure>[vc_column_text css=\u00bb\u00bb]\n<h3>ADICIONES: \u00bfRECHA\u00c7O O ELECI\u00d3N DEL INCONSIENTE?<br \/>\nEfectos de interpretaci\u00f3n<\/h3>\n<p><strong><a href=\"https:\/\/pharmakondigital.com\/es\/la-interpretacion-tiene-peso-frente-a-lo-real\/\">La interpretaci\u00f3n: \u00bftiene peso frente a lo real?<\/a> &#8211; <\/strong><em>Nadine Page (Bruselas, B\u00e9lgica)<\/em><\/p>\n<p><strong><a href=\"https:\/\/pharmakondigital.com\/es\/de-la-funcion-del-toxico-a-las-adixiones\/\">De la funci\u00f3n del t\u00f3xico a las adixiones<\/a>\u00a0 &#8211; <\/strong><em>Dar\u00edo Galante y Lu\u00eds Dar\u00edo Salamone (Buenos Aires, Argentina)<\/em><\/p>\n<p><strong><a href=\"https:\/\/pharmakondigital.com\/es\/adixiones-%e2%97%8a-toxicomanias\/\">Adixiones \u25ca Toxicoman\u00edas<\/a> &#8211; <\/strong><em>Nicolas Bouso\u00f1o y Gloria Aksman (Buenos Aires, Argentina)<\/em><\/p>\n<p><strong><a href=\"https:\/\/pharmakondigital.com\/es\/devastacion-y-pasaje-al-acto\/\">Devastaci\u00f3n y pasaje al acto<\/a> &#8211; <\/strong><em>Maria Wilma Faria (Belo Horizonte, Brasil)<\/em><\/p>\n<p><strong><a href=\"https:\/\/pharmakondigital.com\/es\/una-apertura-al-inconsciente\/\">Una apertura al inconsciente<\/a> &#8211; <\/strong><em>Cassandra Dias (Jo\u00e3o Pessoa, Brasil)<\/em><\/p>\n<p><strong><a href=\"https:\/\/pharmakondigital.com\/es\/la-interpretacion-realmente-posible\/\">\u00bfLa interpretaci\u00f3n realmente posible?<\/a> &#8211; <\/strong><em>Pierre Sidon (Paris, Francia)<\/em><\/p>\n<p><strong><a href=\"https:\/\/pharmakondigital.com\/es\/las-adicciones-nuevas-formas-del-malestar-contemporaneo\/\">Las adicciones, nuevas formas del malestar contempor\u00e1neo<\/a> &#8211; <\/strong><em>Nelson Feldman (Ginebra, Suiza)<\/em><\/p>\n<p><strong><a href=\"https:\/\/pharmakondigital.com\/es\/tres-perspectivas-lacanianas-sobre-la-toxicomania-2\/\">Tres perspectivas lacanianas sobre la toxicoman\u00eda<\/a> &#8211; <\/strong><em>Fabi\u00e1n Naparstek (Buenos Aires, Argentina)<\/em><\/p>\n[\/vc_column_text]<div class=\"vcex-spacing wpex-w-100 wpex-clear\" style=\"height:30px;\"><\/div><div class=\"vcex-module vcex-divider vcex-divider-solid vcex-divider-center wpex-mx-auto wpex-block wpex-h-0 wpex-border-b wpex-border-solid wpex-border-main\" style=\"border-bottom-width:1px;border-color:var(--wpex-accent);\"><\/div><div class=\"vcex-spacing wpex-w-100 wpex-clear\" style=\"height:15px;\"><\/div><figure class=\"vcex-image vcex-module\"><div class=\"vcex-image-inner wpex-relative wpex-inline-block\"><a href=\"https:\/\/pharmakondigital.com\/wp-content\/uploads\/2026\/01\/IMAGEM-Orientacao.png\" class=\"wpex-lightbox\"><img width=\"1360\" height=\"300\" src=\"https:\/\/pharmakondigital.com\/wp-content\/uploads\/2026\/01\/ed_04_imagem_orientacao.png\" class=\"vcex-image-img wpex-align-middle\" alt=\"\" loading=\"lazy\" decoding=\"async\" srcset=\"https:\/\/pharmakondigital.com\/wp-content\/uploads\/2026\/01\/ed_04_imagem_orientacao.png 1360w, https:\/\/pharmakondigital.com\/wp-content\/uploads\/2026\/01\/ed_04_imagem_orientacao-300x66.png 300w, https:\/\/pharmakondigital.com\/wp-content\/uploads\/2026\/01\/ed_04_imagem_orientacao-1024x226.png 1024w, https:\/\/pharmakondigital.com\/wp-content\/uploads\/2026\/01\/ed_04_imagem_orientacao-768x169.png 768w\" sizes=\"auto, (max-width: 1360px) 100vw, 1360px\" \/><\/a><\/div><figcaption class=\"vcex-image-caption wpex-mt-10\">Autumn, Balthasar Permoser, v. 1685-1690. (Haga clic para ampliar la imagen)<\/figcaption><\/figure>[vc_column_text css=\u00bb\u00bb]\n<h3>ORIENTACI\u00d3N<\/h3>\n<p><a href=\"https:\/\/pharmakondigital.com\/es\/la-teoria-del-partenaire\/\"><strong>La teor\u00eda del partenaire<\/strong><\/a> &#8211; <em>Jacques-Alain Miller<\/em>[\/vc_column_text]<div class=\"vcex-spacing wpex-w-100 wpex-clear\" style=\"height:30px;\"><\/div><div class=\"vcex-module vcex-divider vcex-divider-solid vcex-divider-center wpex-mx-auto wpex-block wpex-h-0 wpex-border-b wpex-border-solid wpex-border-main\" style=\"border-bottom-width:1px;border-color:var(--wpex-accent);\"><\/div><div class=\"vcex-spacing wpex-w-100 wpex-clear\" style=\"height:15px;\"><\/div><figure class=\"vcex-image vcex-module\"><div class=\"vcex-image-inner wpex-relative wpex-inline-block\"><a href=\"https:\/\/pharmakondigital.com\/wp-content\/uploads\/2026\/01\/IMAGEM-Estetica-do-consumo.png\" class=\"wpex-lightbox\"><img width=\"1024\" height=\"300\" src=\"https:\/\/pharmakondigital.com\/wp-content\/uploads\/2026\/01\/ed_04_imagem_estetica_do_consumo.png\" class=\"vcex-image-img wpex-align-middle\" alt=\"\" loading=\"lazy\" decoding=\"async\" srcset=\"https:\/\/pharmakondigital.com\/wp-content\/uploads\/2026\/01\/ed_04_imagem_estetica_do_consumo.png 1024w, https:\/\/pharmakondigital.com\/wp-content\/uploads\/2026\/01\/ed_04_imagem_estetica_do_consumo-300x88.png 300w, https:\/\/pharmakondigital.com\/wp-content\/uploads\/2026\/01\/ed_04_imagem_estetica_do_consumo-768x225.png 768w\" sizes=\"auto, (max-width: 1024px) 100vw, 1024px\" \/><\/a><\/div><figcaption class=\"vcex-image-caption wpex-mt-10\">Winter, Balthasar Permoser, v. 1685-1690. (Haga clic para ampliar la imagen)<\/figcaption><\/figure>[vc_column_text css=\u00bb\u00bb]\n<h3>EST\u00c9TICA DO CONSUMO<\/h3>\n<p><strong><a href=\"https:\/\/pharmakondigital.com\/es\/miles-davis-blue-flame-music-is-a-wide-open-for-anything-miles-davis\/\">Miles Davis Blue Flame<\/a> &#8211; <\/strong><em>S\u00e9rgio de Mattos (Belo Horizonte, Brasil)<\/em><\/p>\n<p><strong><a href=\"https:\/\/pharmakondigital.com\/es\/la-x-analitica\/\">La x anal\u00edtica &#8211; Sobre Adixiones de Ernesto Sinatra<\/a> &#8211; <\/strong><em>Giovanna Quaglia (Bras\u00edlia, Brasil)<\/em>[\/vc_column_text]<div class=\"vcex-spacing wpex-w-100 wpex-clear\" style=\"height:30px;\"><\/div><div class=\"vcex-module vcex-divider vcex-divider-solid vcex-divider-center wpex-mx-auto wpex-block wpex-h-0 wpex-border-b wpex-border-solid wpex-border-main\" style=\"border-bottom-width:1px;border-color:var(--wpex-accent);\"><\/div><div class=\"vcex-spacing wpex-w-100 wpex-clear\" style=\"height:15px;\"><\/div><figure class=\"vcex-image vcex-module\"><div class=\"vcex-image-inner wpex-relative wpex-inline-block\"><a href=\"https:\/\/pharmakondigital.com\/wp-content\/uploads\/2026\/01\/IMAGEM-Bibliografia.png\" class=\"wpex-lightbox\"><img width=\"1024\" height=\"300\" src=\"https:\/\/pharmakondigital.com\/wp-content\/uploads\/2026\/01\/ed_04_imagem_bibliografia.png\" class=\"vcex-image-img wpex-align-middle\" alt=\"\" loading=\"lazy\" decoding=\"async\" srcset=\"https:\/\/pharmakondigital.com\/wp-content\/uploads\/2026\/01\/ed_04_imagem_bibliografia.png 1024w, https:\/\/pharmakondigital.com\/wp-content\/uploads\/2026\/01\/ed_04_imagem_bibliografia-300x88.png 300w, https:\/\/pharmakondigital.com\/wp-content\/uploads\/2026\/01\/ed_04_imagem_bibliografia-768x225.png 768w\" sizes=\"auto, (max-width: 1024px) 100vw, 1024px\" \/><\/a><\/div><figcaption class=\"vcex-image-caption wpex-mt-10\">Holy Magdalena, Balthasar Permoser (Haga clic para ampliar la imagen)<\/figcaption><\/figure>[vc_column_text css=\u00bb\u00bb]\n<h3><a href=\"https:\/\/pharmakondigital.com\/es\/referencias-bibliograficas-sobre-toxicomania-alcoholismo-y-adicciones-en-el-campo-freudiano\/\">REFER\u00caNCIAS BIBLIOGR\u00c1FICAS<\/a><br \/>\n<a href=\"https:\/\/pharmakondigital.com\/es\/referencias-bibliograficas-sobre-toxicomania-alcoholismo-y-adicciones-en-el-campo-freudiano\/\">sobre toxicoman\u00eda, alcoholismo y adicciones en el Campo freudiano<\/a><\/h3>\n[\/vc_column_text][\/vc_column][vc_column width=\u00bb1\/3&#8243; wpex_bg_color=\u00bb#f1f1f1&#8243; css=\u00bb.vc_custom_1768418370820{padding-top: 15px !important;padding-bottom: 30px !important;}\u00bb]<figure class=\"vcex-image vcex-module\"><div class=\"vcex-image-inner wpex-relative wpex-inline-block\"><img width=\"2560\" height=\"1921\" src=\"https:\/\/pharmakondigital.com\/wp-content\/uploads\/2026\/01\/ED04_cover-scaled.jpg\" class=\"vcex-image-img wpex-align-middle\" alt=\"\" loading=\"lazy\" decoding=\"async\" srcset=\"https:\/\/pharmakondigital.com\/wp-content\/uploads\/2026\/01\/ED04_cover-scaled.jpg 2560w, https:\/\/pharmakondigital.com\/wp-content\/uploads\/2026\/01\/ED04_cover-300x225.jpg 300w, https:\/\/pharmakondigital.com\/wp-content\/uploads\/2026\/01\/ED04_cover-1024x768.jpg 1024w, https:\/\/pharmakondigital.com\/wp-content\/uploads\/2026\/01\/ED04_cover-768x576.jpg 768w, https:\/\/pharmakondigital.com\/wp-content\/uploads\/2026\/01\/ED04_cover-1536x1152.jpg 1536w, https:\/\/pharmakondigital.com\/wp-content\/uploads\/2026\/01\/ED04_cover-2048x1537.jpg 2048w\" sizes=\"auto, (max-width: 2560px) 100vw, 2560px\" \/><\/div><\/figure>[vc_empty_space height=\u00bb15&#8243;]<div class=\"theme-button-wrap textcenter wpex-clr\"><a href=\"https:\/\/pharmakondigital.com\/wp-content\/uploads\/2026\/01\/Pharmakon-04-ES.pdf\" class=\"vcex-button theme-button small align-center inline\"><span class=\"vcex-button-inner theme-button-inner wpex-flex wpex-flex-wrap wpex-items-center wpex-justify-center\"><span class=\"vcex-button-icon vcex-icon-wrap theme-button-icon-left\"><span class=\"wpex-icon\" aria-hidden=\"true\"><svg xmlns=\"http:\/\/www.w3.org\/2000\/svg\" viewBox=\"0 0 512 512\"><path d=\"M64 464l48 0 0 48-48 0c-35.3 0-64-28.7-64-64L0 64C0 28.7 28.7 0 64 0L229.5 0c17 0 33.3 6.7 45.3 18.7l90.5 90.5c12 12 18.7 28.3 18.7 45.3L384 304l-48 0 0-144-80 0c-17.7 0-32-14.3-32-32l0-80L64 48c-8.8 0-16 7.2-16 16l0 384c0 8.8 7.2 16 16 16zM176 352l32 0c30.9 0 56 25.1 56 56s-25.1 56-56 56l-16 0 0 32c0 8.8-7.2 16-16 16s-16-7.2-16-16l0-48 0-80c0-8.8 7.2-16 16-16zm32 80c13.3 0 24-10.7 24-24s-10.7-24-24-24l-16 0 0 48 16 0zm96-80l32 0c26.5 0 48 21.5 48 48l0 64c0 26.5-21.5 48-48 48l-32 0c-8.8 0-16-7.2-16-16l0-128c0-8.8 7.2-16 16-16zm32 128c8.8 0 16-7.2 16-16l0-64c0-8.8-7.2-16-16-16l-16 0 0 96 16 0zm80-112c0-8.8 7.2-16 16-16l48 0c8.8 0 16 7.2 16 16s-7.2 16-16 16l-32 0 0 32 32 0c8.8 0 16 7.2 16 16s-7.2 16-16 16l-32 0 0 48c0 8.8-7.2 16-16 16s-16-7.2-16-16l0-64 0-64z\"\/><\/svg><\/span><\/span>DOWNLOAD PDF<\/span><\/a><\/div> [vc_empty_space height=\u00bb15&#8243;]<div class=\"vcex-module vcex-divider vcex-divider-solid vcex-divider-center wpex-mx-auto wpex-block wpex-h-0 wpex-border-b wpex-border-solid wpex-border-main\" style=\"border-color:var(--wpex-accent);\"><\/div>[vc_column_text css=\u00bb\u00bb]\n<div class=\"console_sidebar\">\n<h3 class=\"h3_white\" style=\"text-align: justify;\">EDITORIAL &#8211; 2023 &#8211; N\u00ba 4<\/h3>\n<\/div>\n<h6 style=\"text-align: justify;\"><em>Nadine Page, Nelson Feldman, Pierre Sidon, David Briard, Fabi\u00e1n Naparstek y \u00c8ve Miller-Rose<br \/>\n<\/em><\/h6>\n<p>El consumo de drogas, sea cual fuere su intensidad, su ritmo y sus consecuencias ps\u00edquicas, f\u00edsicas y sociales, interfiere con el r\u00e9gimen propio del goce en el cuerpo y del pensamiento. Hay que suponer que es el fin buscado, o tambi\u00e9n una soluci\u00f3n a un problema. Las adicciones, cuando afectan las bases fundamentales del sujeto, sus lazos a los otros, su integridad corporal y, en ciertos casos su vida misma, pueden leerse como una respuesta en cortocircuito que evac\u00faa la dimensi\u00f3n del inconsciente para evitar el encuentro con un real que el sujeto teme. \u00bfDe qu\u00e9 real se trata? \u00bfCu\u00e1les son los s\u00edntomas que esas pr\u00e1cticas intentan tratar?<\/p>\n<p style=\"text-align: justify;\"><a href=\"https:\/\/pharmakondigital.com\/es\/editorial\/\">LEER+<\/a><\/p>\n<hr \/>\n<div class=\"console_sidebar\" style=\"text-align: justify;\">\n<h3 class=\"h3_white\" style=\"text-align: justify;\"><strong style=\"color: #707070; font-size: 15px;\">PHARMAKON DIGITAL<\/strong><span style=\"color: #707070; font-size: 15px;\"> es una publicaci\u00f3n de la Red de Toxicoman\u00eda y Alcoholismo (TyA) del Campo freudiano, en tres lenguas: portugu\u00e9s, espa\u00f1ol y franc\u00e9s.<\/span><\/h3>\n<\/div>\n<p><strong>www.pharmakondigital.com<\/strong><\/p>\n<p><strong>\u00a0<\/strong><strong>Producci\u00f3n y difusi\u00f3n<br \/>\n<\/strong>Instituto de Psican\u00e1lise e Sa\u00fade Mental de Minas Gerais<br \/>\nAvenida Afonso Pena 2770, salas 201\/207, Savassi.<br \/>\nBelo Horizonte, MG &#8211; CEP 30130-007<strong>\u00a0<\/strong><\/p>\n<p><strong>\u00a9 Fundaci\u00f3n del Campo freudiano<\/strong><\/p>\n<hr \/>\n<p><strong>Redacci\u00f3n<br \/>\n<\/strong>Elisa Alvarenga (directora)<br \/>\nNadine Page<br \/>\nNelson Feldman<br \/>\nDar\u00edo Galante<strong>\u00a0<\/strong><\/p>\n<p><strong>Equipo de traducci\u00f3n<br \/>\n<\/strong>Tom\u00e1s Verger (coordinador)<br \/>\nCarina Arantes Faria<br \/>\nMauricio Diament<br \/>\nFernanda Turbat<br \/>\nTom\u00e1s Piotto<br \/>\nCecilia Scovenna<br \/>\nWendy Vives Leiva<br \/>\nPablo Sauce<strong>\u00a0<\/strong><\/p>\n<p><strong>Equipo de pesquisa bibliogr\u00e1fica<br \/>\n<\/strong>Tom\u00e1s Verger (coordinador)<br \/>\nMaria Wilma Faria<br \/>\nCl\u00e1udia Reis<br \/>\nRodrigo Abecassis<br \/>\nMarie-Fran\u00e7oise de Munck<br \/>\nJean-Louis Aucremanne<br \/>\nJean-Marc Josson<br \/>\nYvanne Stuer<br \/>\nDavid Briard<br \/>\n\u00c9ric Taillandier<br \/>\nDani\u00e9le Olive<br \/>\nG\u00e9raldine Somaggio<br \/>\nFrance Guillou<br \/>\nGloria Casado<br \/>\nP\u00eda Marchese<br \/>\nValeria Vinocur<br \/>\nJorge Castillo<br \/>\nChristian R\u00edos<br \/>\nCamilo Cazalla<br \/>\nTom\u00e1s Piotto<\/p>\n<p><strong>Consultores<br \/>\n<\/strong>\u00c8ve Miller-Rose<br \/>\nAnne Ganivet-Poumellec<br \/>\nFabi\u00e1n Naparstek<strong>\u00a0<\/strong><\/p>\n<p><strong>Dise\u00f1o, desarrollo y publicaci\u00f3n<br \/>\n<\/strong>Bruno Senna[\/vc_column_text][\/vc_column][\/vc_row][vc_row][vc_column][vc_column_text]\n[\/vc_column_text][\/vc_column][\/vc_row]\n<\/div>","protected":false},"excerpt":{"rendered":"<p>[vc_row][vc_column width=\u00bb2\/3&#8243;][vc_column_text css=\u00bb\u00bb] PHARMAKON DIGITAL 2023 &#8211; N\u00ba 4 Publicaci\u00f3n de la Red de Toxicoman\u00eda y Alcoholismo del Campo Freudiano Adicciones: \u00bfrechazo o elecci\u00f3n del inconsciente? Efectos de interpretaci\u00f3n en los tratamientos por la palabra de los toxic\u00f3manos EDITORIAL Nadine Page, Nelson Feldman, Pierre Sidon, David Briard, Fabi\u00e1n Naparstek e \u00c8ve Miller-Rose[\/vc_column_text][vc_column_text css=\u00bb\u00bb] ADICIONES: \u00bfRECHA\u00c7O&hellip;<\/p>\n","protected":false},"author":1,"featured_media":0,"parent":0,"menu_order":0,"comment_status":"closed","ping_status":"closed","template":"","meta":{"footnotes":""},"class_list":["post-3928","page","type-page","status-publish","hentry","entry","no-media"],"_links":{"self":[{"href":"https:\/\/pharmakondigital.com\/es\/wp-json\/wp\/v2\/pages\/3928","targetHints":{"allow":["GET"]}}],"collection":[{"href":"https:\/\/pharmakondigital.com\/es\/wp-json\/wp\/v2\/pages"}],"about":[{"href":"https:\/\/pharmakondigital.com\/es\/wp-json\/wp\/v2\/types\/page"}],"author":[{"embeddable":true,"href":"https:\/\/pharmakondigital.com\/es\/wp-json\/wp\/v2\/users\/1"}],"replies":[{"embeddable":true,"href":"https:\/\/pharmakondigital.com\/es\/wp-json\/wp\/v2\/comments?post=3928"}],"version-history":[{"count":30,"href":"https:\/\/pharmakondigital.com\/es\/wp-json\/wp\/v2\/pages\/3928\/revisions"}],"predecessor-version":[{"id":4573,"href":"https:\/\/pharmakondigital.com\/es\/wp-json\/wp\/v2\/pages\/3928\/revisions\/4573"}],"wp:attachment":[{"href":"https:\/\/pharmakondigital.com\/es\/wp-json\/wp\/v2\/media?parent=3928"}],"curies":[{"name":"wp","href":"https:\/\/api.w.org\/{rel}","templated":true}]}}