{"id":3927,"date":"2026-01-15T10:33:27","date_gmt":"2026-01-15T10:33:27","guid":{"rendered":"https:\/\/pharmakondigital.com\/vol-4\/"},"modified":"2026-01-19T12:17:57","modified_gmt":"2026-01-19T12:17:57","slug":"vol-4","status":"publish","type":"page","link":"https:\/\/pharmakondigital.com\/fr\/vol-4\/","title":{"rendered":"Vol. 04"},"content":{"rendered":"<div class=\"wpb-content-wrapper\">[vc_row][vc_column width=\u00a0\u00bb2\/3&Prime;]<figure class=\"vcex-image vcex-module\"><div class=\"vcex-image-inner wpex-relative wpex-inline-block\"><img width=\"1360\" height=\"660\" src=\"https:\/\/pharmakondigital.com\/wp-content\/uploads\/2026\/01\/site_banner_vol_04.png\" class=\"vcex-image-img wpex-align-middle\" alt=\"\" loading=\"lazy\" decoding=\"async\" srcset=\"https:\/\/pharmakondigital.com\/wp-content\/uploads\/2026\/01\/site_banner_vol_04.png 1360w, https:\/\/pharmakondigital.com\/wp-content\/uploads\/2026\/01\/site_banner_vol_04-300x146.png 300w, https:\/\/pharmakondigital.com\/wp-content\/uploads\/2026\/01\/site_banner_vol_04-1024x497.png 1024w, https:\/\/pharmakondigital.com\/wp-content\/uploads\/2026\/01\/site_banner_vol_04-768x373.png 768w\" sizes=\"auto, (max-width: 1360px) 100vw, 1360px\" \/><\/div><\/figure>[vc_column_text css=\u00a0\u00bb\u00a0\u00bb]\n<h1>PHARMAKON DIGITAL 2023 &#8211; N\u00ba 4<\/h1>\n<h2>Publication du R\u00e9seau de Toxicomanie et Alcoolisme du Champ freudien<\/h2>\n<h3>ADDICTIONS: REJET OU CHOIS DE L&rsquo;INCONSCIENT?<br \/>\nEffets d\u2019interpr\u00e9tation dans les traitements par la parole des toxicomanes<\/h3>\n<h3>\u00c9DITORIAL<\/h3>\n<p><a href=\"https:\/\/pharmakondigital.com\/fr\/editorial\/\">Nadine Page, Nelson Feldman, Pierre Sidon, David Briard, Fabi\u00e1n Naparstek e \u00c8ve Miller-Rose<\/a>[\/vc_column_text]<div class=\"vcex-spacing wpex-w-100 wpex-clear\" style=\"height:30px;\"><\/div><div class=\"vcex-module vcex-divider vcex-divider-solid vcex-divider-center wpex-mx-auto wpex-block wpex-h-0 wpex-border-b wpex-border-solid wpex-border-main\" style=\"border-bottom-width:3px;border-color:var(--wpex-accent);\"><\/div><div class=\"vcex-spacing wpex-w-100 wpex-clear\" style=\"height:15px;\"><\/div><figure class=\"vcex-image vcex-module\"><div class=\"vcex-image-inner wpex-relative wpex-inline-block\"><a href=\"https:\/\/pharmakondigital.com\/wp-content\/uploads\/2026\/01\/IMAGEM-Tema.png\" class=\"wpex-lightbox\"><img width=\"1340\" height=\"300\" src=\"https:\/\/pharmakondigital.com\/wp-content\/uploads\/2026\/01\/ed_04_imagem_textos_tematicos.png\" class=\"vcex-image-img wpex-align-middle\" alt=\"\" loading=\"lazy\" decoding=\"async\" srcset=\"https:\/\/pharmakondigital.com\/wp-content\/uploads\/2026\/01\/ed_04_imagem_textos_tematicos.png 1340w, https:\/\/pharmakondigital.com\/wp-content\/uploads\/2026\/01\/ed_04_imagem_textos_tematicos-300x67.png 300w, https:\/\/pharmakondigital.com\/wp-content\/uploads\/2026\/01\/ed_04_imagem_textos_tematicos-1024x229.png 1024w, https:\/\/pharmakondigital.com\/wp-content\/uploads\/2026\/01\/ed_04_imagem_textos_tematicos-768x172.png 768w\" sizes=\"auto, (max-width: 1340px) 100vw, 1340px\" \/><\/a><\/div><figcaption class=\"vcex-image-caption wpex-mt-10\">Grinning Satyr, Balthasar Permoser, c. 1700. (Clique para ampliar a imagem)<\/figcaption><\/figure>[vc_column_text css=\u00a0\u00bb\u00a0\u00bb]\n<h3>ADDICTIONS: REJET OU CHOIS DE L&rsquo;INCONSCIENT? EFFETS D&rsquo;INTERPR\u00c9TATION<\/h3>\n<p><strong><a href=\"https:\/\/pharmakondigital.com\/fr\/linterpretation-faire-poids-face-au-reel\/\">L\u2019interpr\u00e9tation : faire poids face au r\u00e9el ?<\/a> &#8211; <\/strong><em>Nadine Page (Bruxelles, Belgique)<\/em><\/p>\n<p><strong><a href=\"https:\/\/pharmakondigital.com\/fr\/de-la-fonction-du-toxique-aux-adixions\/\">De la fonction du toxique aux adixions<\/a><em>\u00a0&#8211; <\/em><\/strong><em>Dar\u00edo Galante et Lu\u00eds Dar\u00edo Salamone (Buenos Aires, Argentine)*<\/em><\/p>\n<p><strong><a href=\"https:\/\/pharmakondigital.com\/fr\/adixions-%e2%97%8a-toxicomanies\/\"><em>Adixions<\/em> \u00e0 Toxicomanies<\/a> &#8211; <\/strong><em>N\u00edcolas Bouso\u00f1o et Gloria Aksman (Buenos Aires, Argentine)*<\/em><\/p>\n<p><strong><a href=\"https:\/\/pharmakondigital.com\/fr\/ravage-et-passage-a-lacte\/\">Ravage et passage \u00e0 l\u2019acte<\/a>\u00a0 &#8211; <\/strong><em>Maria Wilma Faria (Belo Horizonte, Br\u00e9sil)<\/em><em>*<\/em><\/p>\n<p><strong><a href=\"https:\/\/pharmakondigital.com\/fr\/une-ouverture-a-linconscient\/\">Une ouverture \u00e0 l\u2019inconscient<\/a> &#8211; <\/strong><em>Cassandra Dias (Jo\u00e3o Pessoa, Br\u00e9sil)*<\/em><\/p>\n<p><strong><a href=\"https:\/\/pharmakondigital.com\/fr\/linterpretation-reellement-possible\/\">L\u2019interpr\u00e9tation r\u00e9ellement possible?<\/a> &#8211; <\/strong><em>Pierre Sidon (Paris, France)*<\/em><\/p>\n<p><strong><a href=\"https:\/\/pharmakondigital.com\/fr\/les-addictions-nouvelles-formes-du-malaise-contemporain\/\">Les addictions, nouvelles formes du malaise contemporain<\/a> &#8211; <\/strong><em>Nelson Feldman (Gen\u00e8ve, Suisse)<\/em><\/p>\n<p><strong><a href=\"https:\/\/pharmakondigital.com\/fr\/trois-perspectives-lacaniennes-sur-la-toxicomanie\/\">Trois perspectives lacaniennes sur la toxicomanie<\/a> &#8211; <\/strong><em>Fabi\u00e1n Naparstek (Buenos Aires, Argentine)<\/em><\/p>\n[\/vc_column_text]<div class=\"vcex-spacing wpex-w-100 wpex-clear\" style=\"height:30px;\"><\/div><div class=\"vcex-module vcex-divider vcex-divider-solid vcex-divider-center wpex-mx-auto wpex-block wpex-h-0 wpex-border-b wpex-border-solid wpex-border-main\" style=\"border-bottom-width:1px;border-color:var(--wpex-accent);\"><\/div><div class=\"vcex-spacing wpex-w-100 wpex-clear\" style=\"height:15px;\"><\/div><figure class=\"vcex-image vcex-module\"><div class=\"vcex-image-inner wpex-relative wpex-inline-block\"><a href=\"https:\/\/pharmakondigital.com\/wp-content\/uploads\/2026\/01\/IMAGEM-Orientacao.png\" class=\"wpex-lightbox\"><img width=\"1360\" height=\"300\" src=\"https:\/\/pharmakondigital.com\/wp-content\/uploads\/2026\/01\/ed_04_imagem_orientacao.png\" class=\"vcex-image-img wpex-align-middle\" alt=\"\" loading=\"lazy\" decoding=\"async\" srcset=\"https:\/\/pharmakondigital.com\/wp-content\/uploads\/2026\/01\/ed_04_imagem_orientacao.png 1360w, https:\/\/pharmakondigital.com\/wp-content\/uploads\/2026\/01\/ed_04_imagem_orientacao-300x66.png 300w, https:\/\/pharmakondigital.com\/wp-content\/uploads\/2026\/01\/ed_04_imagem_orientacao-1024x226.png 1024w, https:\/\/pharmakondigital.com\/wp-content\/uploads\/2026\/01\/ed_04_imagem_orientacao-768x169.png 768w\" sizes=\"auto, (max-width: 1360px) 100vw, 1360px\" \/><\/a><\/div><figcaption class=\"vcex-image-caption wpex-mt-10\">Autumn, Balthasar Permoser, v. 1685-1690. (Clique para ampliar a imagem)<\/figcaption><\/figure>[vc_column_text css=\u00a0\u00bb\u00a0\u00bb]\n<h3>ORIENTATION<\/h3>\n<p><a href=\"https:\/\/pharmakondigital.com\/fr\/la-theorie-du-partenaire\/\"><strong>La th\u00e9orie du partenaire<\/strong><\/a> &#8211; <em>Jacques-Alain Miller<\/em>[\/vc_column_text]<div class=\"vcex-spacing wpex-w-100 wpex-clear\" style=\"height:30px;\"><\/div><div class=\"vcex-module vcex-divider vcex-divider-solid vcex-divider-center wpex-mx-auto wpex-block wpex-h-0 wpex-border-b wpex-border-solid wpex-border-main\" style=\"border-bottom-width:1px;border-color:var(--wpex-accent);\"><\/div><div class=\"vcex-spacing wpex-w-100 wpex-clear\" style=\"height:15px;\"><\/div><figure class=\"vcex-image vcex-module\"><div class=\"vcex-image-inner wpex-relative wpex-inline-block\"><a href=\"https:\/\/pharmakondigital.com\/wp-content\/uploads\/2026\/01\/IMAGEM-Estetica-do-consumo.png\" class=\"wpex-lightbox\"><img width=\"1024\" height=\"300\" src=\"https:\/\/pharmakondigital.com\/wp-content\/uploads\/2026\/01\/ed_04_imagem_estetica_do_consumo.png\" class=\"vcex-image-img wpex-align-middle\" alt=\"\" loading=\"lazy\" decoding=\"async\" srcset=\"https:\/\/pharmakondigital.com\/wp-content\/uploads\/2026\/01\/ed_04_imagem_estetica_do_consumo.png 1024w, https:\/\/pharmakondigital.com\/wp-content\/uploads\/2026\/01\/ed_04_imagem_estetica_do_consumo-300x88.png 300w, https:\/\/pharmakondigital.com\/wp-content\/uploads\/2026\/01\/ed_04_imagem_estetica_do_consumo-768x225.png 768w\" sizes=\"auto, (max-width: 1024px) 100vw, 1024px\" \/><\/a><\/div><figcaption class=\"vcex-image-caption wpex-mt-10\">Winter, Balthasar Permoser, v. 1685-1690. (Clique para ampliar a imagem)<\/figcaption><\/figure>[vc_column_text css=\u00a0\u00bb\u00a0\u00bb]\n<h3>ESTH\u00c9TIQUE DE LA CONSOMMATION<\/h3>\n<p><a href=\"https:\/\/pharmakondigital.com\/fr\/miles-davis-blue-flame-music-is-wide-open-for-anything-miles-davis\/\"><strong>Miles Davis Blue Flame<\/strong><\/a> &#8211; <em>S\u00e9rgio de Mattos (Belo Horizonte, Br\u00e9sil)<\/em><\/p>\n<p><a href=\"https:\/\/pharmakondigital.com\/fr\/le-x-analytique\/\"><strong>Le x analytique Sur <em>Adixiones<\/em> de Ernesto Sinatra<\/strong><\/a> &#8211; <em>Giovanna Quaglia (Brasilia, Br\u00e9sil)<\/em><\/p>\n[\/vc_column_text]<div class=\"vcex-spacing wpex-w-100 wpex-clear\" style=\"height:30px;\"><\/div><div class=\"vcex-module vcex-divider vcex-divider-solid vcex-divider-center wpex-mx-auto wpex-block wpex-h-0 wpex-border-b wpex-border-solid wpex-border-main\" style=\"border-bottom-width:1px;border-color:var(--wpex-accent);\"><\/div><div class=\"vcex-spacing wpex-w-100 wpex-clear\" style=\"height:15px;\"><\/div><figure class=\"vcex-image vcex-module\"><div class=\"vcex-image-inner wpex-relative wpex-inline-block\"><a href=\"https:\/\/pharmakondigital.com\/wp-content\/uploads\/2026\/01\/IMAGEM-Bibliografia.png\" class=\"wpex-lightbox\"><img width=\"1024\" height=\"300\" src=\"https:\/\/pharmakondigital.com\/wp-content\/uploads\/2026\/01\/ed_04_imagem_bibliografia.png\" class=\"vcex-image-img wpex-align-middle\" alt=\"\" loading=\"lazy\" decoding=\"async\" srcset=\"https:\/\/pharmakondigital.com\/wp-content\/uploads\/2026\/01\/ed_04_imagem_bibliografia.png 1024w, https:\/\/pharmakondigital.com\/wp-content\/uploads\/2026\/01\/ed_04_imagem_bibliografia-300x88.png 300w, https:\/\/pharmakondigital.com\/wp-content\/uploads\/2026\/01\/ed_04_imagem_bibliografia-768x225.png 768w\" sizes=\"auto, (max-width: 1024px) 100vw, 1024px\" \/><\/a><\/div><figcaption class=\"vcex-image-caption wpex-mt-10\">Holy Magdalena, Balthasar Permoser (Clique para ampliar a imagem)<\/figcaption><\/figure>[vc_column_text css=\u00a0\u00bb\u00a0\u00bb]\n<h3><a href=\"https:\/\/pharmakondigital.com\/fr\/references-bibliographiques-sur-toxicomanie-alcoolisme-et-addictions-dans-le-champ-freudien\/\">R\u00c9F\u00c9RENCES BIBLIOGRAPHIQUES<\/a><br \/>\n<a href=\"https:\/\/pharmakondigital.com\/fr\/references-bibliographiques-sur-toxicomanie-alcoolisme-et-addictions-dans-le-champ-freudien\/\">sur toxicomanie, alcoolisme et addictions dans le Champ freudien<\/a><\/h3>\n[\/vc_column_text][\/vc_column][vc_column width=\u00a0\u00bb1\/3&Prime; wpex_bg_color=\u00a0\u00bb#f1f1f1&Prime; css=\u00a0\u00bb.vc_custom_1768418370820{padding-top: 15px !important;padding-bottom: 30px !important;}\u00a0\u00bb]<figure class=\"vcex-image vcex-module\"><div class=\"vcex-image-inner wpex-relative wpex-inline-block\"><img width=\"2560\" height=\"1921\" src=\"https:\/\/pharmakondigital.com\/wp-content\/uploads\/2026\/01\/ED04_cover-scaled.jpg\" class=\"vcex-image-img wpex-align-middle\" alt=\"\" loading=\"lazy\" decoding=\"async\" srcset=\"https:\/\/pharmakondigital.com\/wp-content\/uploads\/2026\/01\/ED04_cover-scaled.jpg 2560w, https:\/\/pharmakondigital.com\/wp-content\/uploads\/2026\/01\/ED04_cover-300x225.jpg 300w, https:\/\/pharmakondigital.com\/wp-content\/uploads\/2026\/01\/ED04_cover-1024x768.jpg 1024w, https:\/\/pharmakondigital.com\/wp-content\/uploads\/2026\/01\/ED04_cover-768x576.jpg 768w, https:\/\/pharmakondigital.com\/wp-content\/uploads\/2026\/01\/ED04_cover-1536x1152.jpg 1536w, https:\/\/pharmakondigital.com\/wp-content\/uploads\/2026\/01\/ED04_cover-2048x1537.jpg 2048w\" sizes=\"auto, (max-width: 2560px) 100vw, 2560px\" \/><\/div><\/figure>[vc_empty_space height=\u00a0\u00bb15&Prime;]<div class=\"theme-button-wrap textcenter wpex-clr\"><a href=\"https:\/\/pharmakondigital.com\/wp-content\/uploads\/2026\/01\/Pharmakon-04-FR.pdf\" class=\"vcex-button theme-button small align-center inline\"><span class=\"vcex-button-inner theme-button-inner wpex-flex wpex-flex-wrap wpex-items-center wpex-justify-center\"><span class=\"vcex-button-icon vcex-icon-wrap theme-button-icon-left\"><span class=\"wpex-icon\" aria-hidden=\"true\"><svg xmlns=\"http:\/\/www.w3.org\/2000\/svg\" viewBox=\"0 0 512 512\"><path d=\"M64 464l48 0 0 48-48 0c-35.3 0-64-28.7-64-64L0 64C0 28.7 28.7 0 64 0L229.5 0c17 0 33.3 6.7 45.3 18.7l90.5 90.5c12 12 18.7 28.3 18.7 45.3L384 304l-48 0 0-144-80 0c-17.7 0-32-14.3-32-32l0-80L64 48c-8.8 0-16 7.2-16 16l0 384c0 8.8 7.2 16 16 16zM176 352l32 0c30.9 0 56 25.1 56 56s-25.1 56-56 56l-16 0 0 32c0 8.8-7.2 16-16 16s-16-7.2-16-16l0-48 0-80c0-8.8 7.2-16 16-16zm32 80c13.3 0 24-10.7 24-24s-10.7-24-24-24l-16 0 0 48 16 0zm96-80l32 0c26.5 0 48 21.5 48 48l0 64c0 26.5-21.5 48-48 48l-32 0c-8.8 0-16-7.2-16-16l0-128c0-8.8 7.2-16 16-16zm32 128c8.8 0 16-7.2 16-16l0-64c0-8.8-7.2-16-16-16l-16 0 0 96 16 0zm80-112c0-8.8 7.2-16 16-16l48 0c8.8 0 16 7.2 16 16s-7.2 16-16 16l-32 0 0 32 32 0c8.8 0 16 7.2 16 16s-7.2 16-16 16l-32 0 0 48c0 8.8-7.2 16-16 16s-16-7.2-16-16l0-64 0-64z\"\/><\/svg><\/span><\/span>DOWNLOAD PDF<\/span><\/a><\/div> [vc_empty_space height=\u00a0\u00bb15&Prime;]<div class=\"vcex-module vcex-divider vcex-divider-solid vcex-divider-center wpex-mx-auto wpex-block wpex-h-0 wpex-border-b wpex-border-solid wpex-border-main\" style=\"border-color:var(--wpex-accent);\"><\/div>[vc_column_text css=\u00a0\u00bb\u00a0\u00bb]\n<div class=\"console_sidebar\">\n<h3 class=\"h3_white\" style=\"text-align: justify;\">\u00c9DITORIAL &#8211; 2023 &#8211; N\u00ba 4<\/h3>\n<\/div>\n<h6 style=\"text-align: justify;\"><em>Nadine Page, Nelson Feldman, Pierre Sidon, David Briard, Fabi\u00e1n Naparstek et \u00c8ve Miller-Rose<\/em><\/h6>\n<p>La consommation de drogues quels que soient son intensit\u00e9, son rythme et ses cons\u00e9quences psychiques, somatiques et sociales, interf\u00e8re avec le r\u00e9gime propre de la jouissance du corps et de la pens\u00e9e. Il faut supposer que c\u2019est le but recherch\u00e9, voire une solution \u00e0 un probl\u00e8me. Les addictions, lorsqu\u2019elles atteignent les appuis fondamentaux du sujet, ses liens aux autres, son int\u00e9grit\u00e9 physique, sa vie parfois, peuvent se lire comme une r\u00e9ponse en court-circuit \u00e9vacuant la dimension de l\u2019inconscient pour \u00e9viter la rencontre avec un r\u00e9el que le sujet redoute. De quel r\u00e9el s\u2019agit-il\u00a0? Quels sympt\u00f4mes ces pratiques tentent-elles de traiter ?<\/p>\n<p style=\"text-align: justify;\"><a href=\"https:\/\/pharmakondigital.com\/fr\/editorial-2\/\">LIRE+<\/a><\/p>\n<hr \/>\n<div class=\"console_sidebar\" style=\"text-align: justify;\">\n<p><strong>PHARMAKON DIGITAL <\/strong>est une publication du R\u00e9seau de Toxicomanie et Alcoolisme (TyA) du Champ freudien, en trois langues: portugais, espagnol et fran\u00e7ais.<strong>\u00a0<\/strong><\/p>\n<p><strong>www.pharmakondigital.com<\/strong><strong>\u00a0<\/strong><\/p>\n<p><strong>Production et diffusion:<br \/>\n<\/strong>Instituto de Psican\u00e1lise e Sa\u00fade Mental de Minas Gerais<br \/>\nAvenida Afonso Pena 2770, salas 201\/207, Savassi.<br \/>\nBelo Horizonte, MG &#8211; CEP 30130-007<strong>\u00a0<\/strong><\/p>\n<p><strong>\u00a9 Fondation du Champ freudien<\/strong><strong>\u00a0<\/strong><\/p>\n<p><strong>\u00c9quipe \u00e9ditoriale<br \/>\n<\/strong>Elisa Alvarenga (directrice)<br \/>\nNadine Page<br \/>\nNelson Feldman<br \/>\nDar\u00edo Galante<strong>\u00a0<\/strong><\/p>\n<p><strong>\u00c9quipe de traduction<br \/>\n<\/strong>Tom\u00e1s Verger (coordinateur)<br \/>\nCarina Arantes Faria<br \/>\nMauricio Diament<br \/>\nFernanda Turbat<br \/>\nTom\u00e1s Piotto<br \/>\nCecilia Scovenna<br \/>\nWendy Vives Leiva<br \/>\nPablo Sauce<\/p>\n<p><strong>\u00c9quipe de recension bibliographique<br \/>\n<\/strong>Tom\u00e1s Verger (coordinateur)<br \/>\nMaria Wilma Faria<br \/>\nCl\u00e1udia Reis<br \/>\nRodrigo Abecassis<br \/>\nMarie-Fran\u00e7oise de Munck<br \/>\nJean-Louis Aucremanne<br \/>\nJean-Marc Josson<br \/>\nYvanne Stuer<br \/>\nDavid Briard<br \/>\n\u00c9ric Taillandier<br \/>\nDani\u00e9le Olive<br \/>\nG\u00e9raldine Somaggio<br \/>\nFrance Guillou<br \/>\nGloria Casado<br \/>\nP\u00eda Marchese<br \/>\nValeria Vinocur<br \/>\nJorge Castillo<br \/>\nChristian R\u00edos<br \/>\nCamilo Cazalla<br \/>\nTom\u00e1s Piotto<\/p>\n<p><strong>\u00a0<\/strong><strong>Consultants<br \/>\n<\/strong>\u00c8ve Miller-Rose<br \/>\nAnne Ganivet-Poumellec<br \/>\nFabi\u00e1n Naparstek<strong>\u00a0<\/strong><\/p>\n<p><strong>Cr\u00e9ation, d\u00e9veloppement et publication<br \/>\n<\/strong>Bruno Senna<\/p>\n<\/div>\n[\/vc_column_text][\/vc_column][\/vc_row][vc_row][vc_column][vc_column_text]\n[\/vc_column_text][\/vc_column][\/vc_row]\n<\/div>","protected":false},"excerpt":{"rendered":"<p>[vc_row][vc_column width=\u00a0\u00bb2\/3&Prime;][vc_column_text css=\u00a0\u00bb\u00a0\u00bb] PHARMAKON DIGITAL 2023 &#8211; N\u00ba 4 Publication du R\u00e9seau de Toxicomanie et Alcoolisme du Champ freudien ADDICTIONS: REJET OU CHOIS DE L&rsquo;INCONSCIENT? Effets d\u2019interpr\u00e9tation dans les traitements par la parole des toxicomanes \u00c9DITORIAL Nadine Page, Nelson Feldman, Pierre Sidon, David Briard, Fabi\u00e1n Naparstek e \u00c8ve Miller-Rose[\/vc_column_text][vc_column_text css=\u00a0\u00bb\u00a0\u00bb] ADDICTIONS: REJET OU CHOIS DE&hellip;<\/p>\n","protected":false},"author":1,"featured_media":0,"parent":0,"menu_order":0,"comment_status":"closed","ping_status":"closed","template":"","meta":{"footnotes":""},"class_list":["post-3927","page","type-page","status-publish","hentry","entry","no-media"],"_links":{"self":[{"href":"https:\/\/pharmakondigital.com\/fr\/wp-json\/wp\/v2\/pages\/3927","targetHints":{"allow":["GET"]}}],"collection":[{"href":"https:\/\/pharmakondigital.com\/fr\/wp-json\/wp\/v2\/pages"}],"about":[{"href":"https:\/\/pharmakondigital.com\/fr\/wp-json\/wp\/v2\/types\/page"}],"author":[{"embeddable":true,"href":"https:\/\/pharmakondigital.com\/fr\/wp-json\/wp\/v2\/users\/1"}],"replies":[{"embeddable":true,"href":"https:\/\/pharmakondigital.com\/fr\/wp-json\/wp\/v2\/comments?post=3927"}],"version-history":[{"count":27,"href":"https:\/\/pharmakondigital.com\/fr\/wp-json\/wp\/v2\/pages\/3927\/revisions"}],"predecessor-version":[{"id":4577,"href":"https:\/\/pharmakondigital.com\/fr\/wp-json\/wp\/v2\/pages\/3927\/revisions\/4577"}],"wp:attachment":[{"href":"https:\/\/pharmakondigital.com\/fr\/wp-json\/wp\/v2\/media?parent=3927"}],"curies":[{"name":"wp","href":"https:\/\/api.w.org\/{rel}","templated":true}]}}