{"id":4292,"date":"2026-01-15T13:08:29","date_gmt":"2026-01-15T13:08:29","guid":{"rendered":"https:\/\/pharmakondigital.com\/vol-05\/"},"modified":"2026-01-19T12:29:17","modified_gmt":"2026-01-19T12:29:17","slug":"vol-05","status":"publish","type":"page","link":"https:\/\/pharmakondigital.com\/fr\/vol-05\/","title":{"rendered":"VOL. 05"},"content":{"rendered":"<div class=\"wpb-content-wrapper\">[vc_row][vc_column width=\u00a0\u00bb2\/3&Prime;]<figure class=\"vcex-image vcex-module\"><div class=\"vcex-image-inner wpex-relative wpex-inline-block\"><img width=\"1210\" height=\"687\" src=\"https:\/\/pharmakondigital.com\/wp-content\/uploads\/2026\/01\/PORTADA-3.png\" class=\"vcex-image-img wpex-align-middle\" alt=\"\" loading=\"lazy\" decoding=\"async\" srcset=\"https:\/\/pharmakondigital.com\/wp-content\/uploads\/2026\/01\/PORTADA-3.png 1210w, https:\/\/pharmakondigital.com\/wp-content\/uploads\/2026\/01\/PORTADA-3-300x170.png 300w, https:\/\/pharmakondigital.com\/wp-content\/uploads\/2026\/01\/PORTADA-3-1024x581.png 1024w, https:\/\/pharmakondigital.com\/wp-content\/uploads\/2026\/01\/PORTADA-3-768x436.png 768w\" sizes=\"auto, (max-width: 1210px) 100vw, 1210px\" \/><\/div><\/figure>[vc_column_text css=\u00a0\u00bb\u00a0\u00bb]\n<h1>PHARMAKON DIGITAL 2025 &#8211; N\u00ba 5<\/h1>\n<h2>Publication du R\u00e9seau Toxicomanie et Alcoolisme (TyA) du Champ freudien<\/h2>\n<h3><strong>D\u00c9LIRE OU TOXIQUE<\/strong><\/h3>\n<h3>\u00c9DITORIAL<\/h3>\n<p><a href=\"https:\/\/pharmakondigital.com\/fr\/editorial-2\/\"><strong>Marie-Fran\u00e7oise de Munck e \u00c9ric Taillandier, com Gloria Aksman, Nelson Feldman, \u00c8ve Miller-Rose, Fabi\u00e1n Naparstek, Nadine Page, Giovanna Quaglia et Pierre Sidon<\/strong><\/a>[\/vc_column_text]<div class=\"vcex-spacing wpex-w-100 wpex-clear\" style=\"height:30px;\"><\/div><figure class=\"vcex-image vcex-module\"><div class=\"vcex-image-inner wpex-relative wpex-inline-block\"><img width=\"1350\" height=\"300\" src=\"https:\/\/pharmakondigital.com\/wp-content\/uploads\/2026\/01\/Seccion-3.png\" class=\"vcex-image-img wpex-align-middle\" alt=\"\" loading=\"lazy\" decoding=\"async\" srcset=\"https:\/\/pharmakondigital.com\/wp-content\/uploads\/2026\/01\/Seccion-3.png 1350w, https:\/\/pharmakondigital.com\/wp-content\/uploads\/2026\/01\/Seccion-3-300x67.png 300w, https:\/\/pharmakondigital.com\/wp-content\/uploads\/2026\/01\/Seccion-3-1024x228.png 1024w, https:\/\/pharmakondigital.com\/wp-content\/uploads\/2026\/01\/Seccion-3-768x171.png 768w\" sizes=\"auto, (max-width: 1350px) 100vw, 1350px\" \/><\/div><\/figure><div class=\"vcex-spacing wpex-w-100 wpex-clear\" style=\"height:30px;\"><\/div>[vc_column_text css=\u00a0\u00bb\u00a0\u00bb]\n<h3><strong>D\u00c9LIRE OU TOXIQUE<\/strong><\/h3>\n<p><strong><a href=\"https:\/\/pharmakondigital.com\/fr\/conversation-sur-la-drogue-de-lapparole\/\">Conversation sur la drogue de l\u2019<\/a><em>apparole \u00a0&#8211; <\/em><\/strong><em>Marco Androsiglio, \u00c9ric Colas<\/em><em>, <\/em><em>Fr\u00e9d\u00e9rique Musset-Bilal, Mathilde Braun, Crist\u00f3bal Farriol, Coralie Hasl\u00e9, Pierre Sidon et Tom\u00e1s Verger. Et le concours d\u2019Olivier Talayrach. (TyA Paris)<\/em><\/p>\n<p><strong><a href=\"https:\/\/pharmakondigital.com\/fr\/toxique-%e2%97%8a-delire\/\">Toxique \u25ca d\u00e9lire<\/a> &#8211; <\/strong><em>Nicol\u00e1s\u00a0Bouso\u00f1o, Gustavo\u00a0Mastroiacovo, Christian\u00a0R\u00edos (Argentine)<\/em><\/p>\n<p><strong><a href=\"https:\/\/pharmakondigital.com\/fr\/toxique-ou-pire\/\">Toxique &#8230;ou pire<\/a> &#8211; <\/strong><em>Julien Berthomier et C\u00e9cile Peoc\u2019h (Rennes)<\/em><\/p>\n<p><strong><a href=\"https:\/\/pharmakondigital.com\/fr\/le-corps-du-delire\/\">Le corps du d\u00e9lire<\/a> &#8211; <\/strong><em>Jos\u00e9 Manuel \u00c1lvarez (Barcelone) <\/em><\/p>\n<p><strong><a href=\"https:\/\/pharmakondigital.com\/fr\/surdose-ou-delire-ordinaire\/\">Surdose ou d\u00e9lire ordinaire ?<\/a> &#8211; <\/strong><em>Vic Everaert (Bruxelles)<\/em><\/p>\n<p><a href=\"https:\/\/pharmakondigital.com\/fr\/delire-toxique-amputer-la-voix-du-sauveur-ou-sen-servir\/\"><strong>D\u00e9lire<\/strong> <strong>&amp; toxique\u00a0<\/strong><\/a><strong><a href=\"https:\/\/pharmakondigital.com\/fr\/delire-toxique-amputer-la-voix-du-sauveur-ou-sen-servir\/\">: amputer la voix du Sauveur ou s\u2019en servir ?<\/a> <\/strong>&#8211; <em>Pablo Sauce (Salvador)<\/em><\/p>\n<p><strong><a href=\"https:\/\/pharmakondigital.com\/fr\/abstinences-et-delires\/\">Abstinences et d\u00e9lires<\/a> &#8211; <\/strong><em>Benjam\u00edn Silva, Sabina Serniotti, Mat\u00edas Meichtri Quintans (Argentine)<\/em><\/p>\n<p><strong><a href=\"https:\/\/pharmakondigital.com\/fr\/de-la-boisson-a-une-fiction\/\">De la boisson \u00e0 une fiction<\/a> \u00a0&#8211; <\/strong><em>Cristina Nogueira (Belo Horizonte)<\/em><\/p>\n<p><strong><a href=\"https:\/\/pharmakondigital.com\/fr\/perspectives-dune-elaboration-collective-dans-la-clinique-avec-des-toxicomanies\/\">Perspectives d\u2019une \u00e9laboration collective dans la clinique avec des\u00a0 toxicomanies<\/a> &#8211; <\/strong><em>Fabi\u00e1n Naparstek (Buenos Aires) <\/em><\/p>\n[\/vc_column_text]<div class=\"vcex-spacing wpex-w-100 wpex-clear\" style=\"height:30px;\"><\/div><figure class=\"vcex-image vcex-module\"><div class=\"vcex-image-inner wpex-relative wpex-inline-block\"><img width=\"1350\" height=\"300\" src=\"https:\/\/pharmakondigital.com\/wp-content\/uploads\/2026\/01\/Seccion-2.png\" class=\"vcex-image-img wpex-align-middle\" alt=\"\" loading=\"lazy\" decoding=\"async\" srcset=\"https:\/\/pharmakondigital.com\/wp-content\/uploads\/2026\/01\/Seccion-2.png 1350w, https:\/\/pharmakondigital.com\/wp-content\/uploads\/2026\/01\/Seccion-2-300x67.png 300w, https:\/\/pharmakondigital.com\/wp-content\/uploads\/2026\/01\/Seccion-2-1024x228.png 1024w, https:\/\/pharmakondigital.com\/wp-content\/uploads\/2026\/01\/Seccion-2-768x171.png 768w\" sizes=\"auto, (max-width: 1350px) 100vw, 1350px\" \/><\/div><\/figure><div class=\"vcex-spacing wpex-w-100 wpex-clear\" style=\"height:30px;\"><\/div>[vc_column_text css=\u00a0\u00bb\u00a0\u00bb]\n<h3><strong>TEXTE D&rsquo;ORIENTATION<\/strong><\/h3>\n<p><strong><a href=\"https:\/\/pharmakondigital.com\/fr\/la-drogue-de-la-parole\/\">La drogue de la parole<\/a> &#8211;<\/strong><em>Jacques-Alain\u00a0Miller <\/em>[\/vc_column_text]<div class=\"vcex-spacing wpex-w-100 wpex-clear\" style=\"height:30px;\"><\/div><figure class=\"vcex-image vcex-module\"><div class=\"vcex-image-inner wpex-relative wpex-inline-block\"><img width=\"1360\" height=\"300\" src=\"https:\/\/pharmakondigital.com\/wp-content\/uploads\/2026\/01\/Seccion-1.png\" class=\"vcex-image-img wpex-align-middle\" alt=\"\" loading=\"lazy\" decoding=\"async\" srcset=\"https:\/\/pharmakondigital.com\/wp-content\/uploads\/2026\/01\/Seccion-1.png 1360w, https:\/\/pharmakondigital.com\/wp-content\/uploads\/2026\/01\/Seccion-1-300x66.png 300w, https:\/\/pharmakondigital.com\/wp-content\/uploads\/2026\/01\/Seccion-1-1024x226.png 1024w, https:\/\/pharmakondigital.com\/wp-content\/uploads\/2026\/01\/Seccion-1-768x169.png 768w\" sizes=\"auto, (max-width: 1360px) 100vw, 1360px\" \/><\/div><\/figure><div class=\"vcex-spacing wpex-w-100 wpex-clear\" style=\"height:30px;\"><\/div>[vc_column_text css=\u00a0\u00bb\u00a0\u00bb]\n<h3><strong>ESTH\u00c9TIQUE DE LA CONSOMMATION<\/strong><\/h3>\n<p><strong><a href=\"https:\/\/pharmakondigital.com\/fr\/un-delire-de-deduction\/\">Un d\u00e9lire de d\u00e9duction<\/a> &#8211;<\/strong> <em>Aur\u00e9lia Verbecq (TyA-Suisse)<\/em>[\/vc_column_text]<div class=\"vcex-spacing wpex-w-100 wpex-clear\" style=\"height:30px;\"><\/div><figure class=\"vcex-image vcex-module\"><div class=\"vcex-image-inner wpex-relative wpex-inline-block\"><img width=\"1360\" height=\"300\" src=\"https:\/\/pharmakondigital.com\/wp-content\/uploads\/2026\/01\/Seccion-4.png\" class=\"vcex-image-img wpex-align-middle\" alt=\"\" loading=\"lazy\" decoding=\"async\" srcset=\"https:\/\/pharmakondigital.com\/wp-content\/uploads\/2026\/01\/Seccion-4.png 1360w, https:\/\/pharmakondigital.com\/wp-content\/uploads\/2026\/01\/Seccion-4-300x66.png 300w, https:\/\/pharmakondigital.com\/wp-content\/uploads\/2026\/01\/Seccion-4-1024x226.png 1024w, https:\/\/pharmakondigital.com\/wp-content\/uploads\/2026\/01\/Seccion-4-768x169.png 768w\" sizes=\"auto, (max-width: 1360px) 100vw, 1360px\" \/><\/div><\/figure><div class=\"vcex-spacing wpex-w-100 wpex-clear\" style=\"height:30px;\"><\/div>[vc_column_text css=\u00a0\u00bb\u00a0\u00bb]\n<h3><a href=\"https:\/\/pharmakondigital.com\/fr\/vers-le-congres-de-lamp-2026-la-rupture-avec-le-phallus\/\"><strong>VERS LE CONGR\u00c8S DE L\u2019AMP 2026 &#8211; LA RUPTURE AVEC LE PHALLUS<\/strong><\/a><\/h3>\n[\/vc_column_text][\/vc_column][vc_column width=\u00a0\u00bb1\/3&Prime; wpex_bg_color=\u00a0\u00bb#f1f1f1&Prime; css=\u00a0\u00bb.vc_custom_1768418370820{padding-top: 15px !important;padding-bottom: 30px !important;}\u00a0\u00bb]<figure class=\"vcex-image vcex-module\"><div class=\"vcex-image-inner wpex-relative wpex-inline-block\"><img width=\"2560\" height=\"1921\" src=\"https:\/\/pharmakondigital.com\/wp-content\/uploads\/2026\/01\/ED05_cover-scaled.jpg\" class=\"vcex-image-img wpex-align-middle\" alt=\"\" loading=\"lazy\" decoding=\"async\" srcset=\"https:\/\/pharmakondigital.com\/wp-content\/uploads\/2026\/01\/ED05_cover-scaled.jpg 2560w, https:\/\/pharmakondigital.com\/wp-content\/uploads\/2026\/01\/ED05_cover-300x225.jpg 300w, https:\/\/pharmakondigital.com\/wp-content\/uploads\/2026\/01\/ED05_cover-1024x768.jpg 1024w, https:\/\/pharmakondigital.com\/wp-content\/uploads\/2026\/01\/ED05_cover-768x576.jpg 768w, https:\/\/pharmakondigital.com\/wp-content\/uploads\/2026\/01\/ED05_cover-1536x1152.jpg 1536w, https:\/\/pharmakondigital.com\/wp-content\/uploads\/2026\/01\/ED05_cover-2048x1537.jpg 2048w\" sizes=\"auto, (max-width: 2560px) 100vw, 2560px\" \/><\/div><\/figure>[vc_empty_space height=\u00a0\u00bb15&Prime;]<div class=\"theme-button-wrap textcenter wpex-clr\"><a href=\"https:\/\/pharmakondigital.com\/wp-content\/uploads\/2026\/01\/Pharmakon-05-FR.pdf\" class=\"vcex-button theme-button small align-center inline\"><span class=\"vcex-button-inner theme-button-inner wpex-flex wpex-flex-wrap wpex-items-center wpex-justify-center\"><span class=\"vcex-button-icon vcex-icon-wrap theme-button-icon-left\"><span class=\"wpex-icon\" aria-hidden=\"true\"><svg xmlns=\"http:\/\/www.w3.org\/2000\/svg\" viewBox=\"0 0 512 512\"><path d=\"M64 464l48 0 0 48-48 0c-35.3 0-64-28.7-64-64L0 64C0 28.7 28.7 0 64 0L229.5 0c17 0 33.3 6.7 45.3 18.7l90.5 90.5c12 12 18.7 28.3 18.7 45.3L384 304l-48 0 0-144-80 0c-17.7 0-32-14.3-32-32l0-80L64 48c-8.8 0-16 7.2-16 16l0 384c0 8.8 7.2 16 16 16zM176 352l32 0c30.9 0 56 25.1 56 56s-25.1 56-56 56l-16 0 0 32c0 8.8-7.2 16-16 16s-16-7.2-16-16l0-48 0-80c0-8.8 7.2-16 16-16zm32 80c13.3 0 24-10.7 24-24s-10.7-24-24-24l-16 0 0 48 16 0zm96-80l32 0c26.5 0 48 21.5 48 48l0 64c0 26.5-21.5 48-48 48l-32 0c-8.8 0-16-7.2-16-16l0-128c0-8.8 7.2-16 16-16zm32 128c8.8 0 16-7.2 16-16l0-64c0-8.8-7.2-16-16-16l-16 0 0 96 16 0zm80-112c0-8.8 7.2-16 16-16l48 0c8.8 0 16 7.2 16 16s-7.2 16-16 16l-32 0 0 32 32 0c8.8 0 16 7.2 16 16s-7.2 16-16 16l-32 0 0 48c0 8.8-7.2 16-16 16s-16-7.2-16-16l0-64 0-64z\"\/><\/svg><\/span><\/span>DOWNLOAD PDF<\/span><\/a><\/div> [vc_empty_space height=\u00a0\u00bb15&Prime;]<div class=\"vcex-module vcex-divider vcex-divider-solid vcex-divider-center wpex-mx-auto wpex-block wpex-h-0 wpex-border-b wpex-border-solid wpex-border-main\" style=\"border-color:var(--wpex-accent);\"><\/div>[vc_column_text css=\u00a0\u00bb\u00a0\u00bb]\n<div class=\"console_sidebar\">\n<h3 class=\"h3_white\" style=\"text-align: justify;\">\u00c9DITORIAL &#8211; 2025 &#8211; N\u00ba 5<\/h3>\n<\/div>\n<h6 style=\"text-align: justify;\"><em>Marie-Fran\u00e7oise de Munck &amp; \u00c9ric Taillandier, avec Gloria Aksman, Nelson Feldman, \u00c8ve Miller-Rose, Fabi\u00e1n Naparstek, Nadine Page, Giovanna Quaglia et Pierre Sidon<\/em><\/h6>\n<p style=\"text-align: justify;\">L\u2019aphorisme de Lacan Tout le monde est fou, c\u2019est-\u00e0-dire d\u00e9lirant, pris pour th\u00e8me du XIVe Congr\u00e8s de l\u2019Association Mondiale de Psychanalyse, nous a rendu sensibles \u00e0 ce que d\u00e9lirer veut dire selon l\u2019orientation lacanienne. Au-del\u00e0 de toute consid\u00e9ration quant au normal ou au pathologique, d\u00e9lirer est propre \u00e0 l\u2019\u00eatre parlant, au parl\u00eatre. \u00c0 chacun sa fen\u00eatre sur le r\u00e9el, sa fiction, sur fond d\u2019impossible \u00e0 se servir enti\u00e8rement de ce qui pulse en soi et d\u00e9borde dans un rapport au partenaire. Cette dysharmonie implique un reste hors sens avec lequel nous avons \u00e0 composer. Face \u00e0 l\u2019angoisse suscit\u00e9e par l\u2019exc\u00e8s de jouissance du corps et l\u2019\u00e9nigme du d\u00e9sir de l\u2019Autre, certains construisent un d\u00e9lire en phase avec les discours h\u00e9rit\u00e9s ou en vogue, ou bien r\u00eavent leur vie au nom d\u2019un id\u00e9al. Quand il n\u2019y a de recours \u00e0 aucun discours qui fasse lien, d\u2019autres sont confront\u00e9s \u00e0 un r\u00e9el envahissant, avec le risque de couper court \u00e0 toute tentative de suture signifiante.<\/p>\n<p style=\"text-align: justify;\"><a href=\"https:\/\/pharmakondigital.com\/fr\/editorial-2\/\">LIRE+<\/a><\/p>\n<hr \/>\n<div class=\"console_sidebar\" style=\"text-align: justify;\">\n<p><strong>PHARMAKON DIGITAL <\/strong>est une publication du R\u00e9seau Toxicomanie et Alcoolisme (TyA) du Champ freudien, en trois langues: portugais, espagnol et fran\u00e7ais.<strong>\u00a0<\/strong><\/p>\n<p><strong>www.pharmakondigital.com<\/strong><strong>\u00a0<\/strong><\/p>\n<p><strong>\u00c9quipe \u00e9ditoriale<br \/>\n<\/strong>Elisa Alvarenga (directrice)<br \/>\nNadine Page<br \/>\nNelson Feldman<br \/>\nGloria Aksman<br \/>\nGiovanna Quaglia<br \/>\n\u00c9ric Taillandier<br \/>\nMarie-Fran\u00e7oise de Munck<br \/>\nAlejandro G\u00f3ngora<br \/>\nFernanda Turbat<strong>\u00a0<\/strong><\/p>\n<p><strong>\u00c9quipe de traduction<\/strong><\/p>\n<p>Tom\u00e1s Verger (coordinateur), Carina Arantes Faria, Cecilia Scovenna, Cl\u00e1udia Reis, Fernanda Turbat, Jorge Castillo, Luis Fernando Duarte Couto, Maria Wilma Faria, Mauricio Diament, Pablo Sauce, Tom\u00e1s Piotto, Violaine Cl\u00e9ment, Wendy Vives Leiva<\/p>\n<p><strong>\u00c9quipe de recension bibliographique<\/strong><\/p>\n<p>Tom\u00e1s Verger (coordinateur), Al\u00e9ssia Fontenelle, Anal\u00eda La Rosa, Benjam\u00edn Silva, Camilo Cazalla, Carina Arantes Faria, Cassandra Dias, Cecilia Scovenna, Christian R\u00edos, Cl\u00e1udia Generoso, Cl\u00e1udia Reis, Daiana Ballesteros, Daniel Senderey, Daniela Dinardi, Dani\u00e9le Olive, David Briard, Epaminondas Theodoridis, \u00c9ric Taillandier, Federico Giachetti, Fernanda Turbat, France Guillou, G\u00e9raldine Somaggio, Gloria Casado, H\u00e9l\u00e8ne Coppens, Irene Dom\u00ednguez, Isabella Pr\u00e9vot, James Fischer, Jean-Marc Josson, Jorge Castillo, Jos\u00e9 Mar\u00eda \u00c1lvarez, Luis Fernando Duarte Couto, Marcela Errecondo, Maria C\u00e9lia Reinaldo Kato, Maria Wilma Faria, Marie-Fran\u00e7oise de Munck, Mat\u00edas Mietrich Quintans, Mauricio Diament, Miguel Antunes, Nadine Page, Nelson Feldman, Nicanor Mestres, Pablo Sauce, P\u00eda Marchese, S\u00e9bastien Georges, Tom\u00e1s Piotto, Valeria Vinocur, Violaine Cl\u00e9ment, Wendy Vives Leiva, Yvanne Stuer<strong>\u00a0<\/strong><\/p>\n<p><strong>Consultants<br \/>\n<\/strong>\u00c8ve Miller-Rose (Fondation du Champ freudien)<br \/>\nAnne Ganivet-Poumellec (Tr\u00e9sori\u00e8re)<br \/>\nFabi\u00e1n Naparstek (Coordinateur du r\u00e9seau TyA international)<strong>\u00a0<\/strong><\/p>\n<p><strong>Cr\u00e9ation, d\u00e9veloppement et publication<br \/>\n<\/strong>Bruno Senna<\/p>\n<p><strong>Couverture et images<br \/>\n<\/strong>Alejandro G\u00f3ngora<\/p>\n<p><strong>Production et diffusion:<br \/>\n<\/strong>Instituto de Psican\u00e1lise e Sa\u00fade Mental de Minas Gerais<br \/>\nAvenida Afonso Pena 2770, salas 201\/207, Savassi.<br \/>\nBelo Horizonte, MG &#8211; CEP 30130-007<strong>\u00a0<\/strong><\/p>\n<p><strong>\u00a9 Fondation du Champ freudien<\/strong><\/p>\n<\/div>\n[\/vc_column_text][\/vc_column][\/vc_row][vc_row][vc_column][vc_column_text]\n[\/vc_column_text][\/vc_column][\/vc_row]\n<\/div>","protected":false},"excerpt":{"rendered":"<p>[vc_row][vc_column width=\u00a0\u00bb2\/3&Prime;][vc_column_text css=\u00a0\u00bb\u00a0\u00bb] PHARMAKON DIGITAL 2025 &#8211; N\u00ba 5 Publication du R\u00e9seau Toxicomanie et Alcoolisme (TyA) du Champ freudien D\u00c9LIRE OU TOXIQUE \u00c9DITORIAL Marie-Fran\u00e7oise de Munck e \u00c9ric Taillandier, com Gloria Aksman, Nelson Feldman, \u00c8ve Miller-Rose, Fabi\u00e1n Naparstek, Nadine Page, Giovanna Quaglia et Pierre Sidon[\/vc_column_text][vc_column_text css=\u00a0\u00bb\u00a0\u00bb] D\u00c9LIRE OU TOXIQUE Conversation sur la drogue de l\u2019apparole&hellip;<\/p>\n","protected":false},"author":1,"featured_media":0,"parent":0,"menu_order":0,"comment_status":"closed","ping_status":"closed","template":"","meta":{"footnotes":""},"class_list":["post-4292","page","type-page","status-publish","hentry","entry","no-media"],"_links":{"self":[{"href":"https:\/\/pharmakondigital.com\/fr\/wp-json\/wp\/v2\/pages\/4292","targetHints":{"allow":["GET"]}}],"collection":[{"href":"https:\/\/pharmakondigital.com\/fr\/wp-json\/wp\/v2\/pages"}],"about":[{"href":"https:\/\/pharmakondigital.com\/fr\/wp-json\/wp\/v2\/types\/page"}],"author":[{"embeddable":true,"href":"https:\/\/pharmakondigital.com\/fr\/wp-json\/wp\/v2\/users\/1"}],"replies":[{"embeddable":true,"href":"https:\/\/pharmakondigital.com\/fr\/wp-json\/wp\/v2\/comments?post=4292"}],"version-history":[{"count":8,"href":"https:\/\/pharmakondigital.com\/fr\/wp-json\/wp\/v2\/pages\/4292\/revisions"}],"predecessor-version":[{"id":4587,"href":"https:\/\/pharmakondigital.com\/fr\/wp-json\/wp\/v2\/pages\/4292\/revisions\/4587"}],"wp:attachment":[{"href":"https:\/\/pharmakondigital.com\/fr\/wp-json\/wp\/v2\/media?parent=4292"}],"curies":[{"name":"wp","href":"https:\/\/api.w.org\/{rel}","templated":true}]}}